	 {"id":7337,"date":"2024-02-20T23:03:38","date_gmt":"2024-02-20T23:03:38","guid":{"rendered":"https:\/\/flexdecor.com\/?post_type=product&#038;p=7337"},"modified":"2025-12-26T12:09:35","modified_gmt":"2025-12-26T12:09:35","slug":"stone-panels-black","status":"publish","type":"product","link":"http:\/\/flexdecor.com\/al\/produkt\/stone-panels-black\/","title":{"rendered":"Panele Guri | Stone Panels Black"},"content":{"rendered":"","protected":false},"excerpt":{"rendered":"<h3>Panele Guri<\/h3>\n<ul>\n<li>P\u00ebrmas\u00eb 120 x 60 cm<\/li>\n<li>Trash\u00ebsi 5 cm<\/li>\n<li>Sip\u00ebrfaqe me pluhur guri<\/li>\n<li>Material poliuretan<\/li>\n<li>Kund\u00ebr ujit<\/li>\n<li>Kund\u00ebr zjarrit<\/li>\n<li>Kund\u00ebr mykut\/bakterieve<\/li>\n<\/ul>\n<p><button class=\"custom-btn\" type=\"button\">B\u00ebj nj\u00eb k\u00ebrkes\u00eb<\/button><\/p>","protected":false},"featured_media":7342,"template":"","meta":[],"product_brand":[],"product_cat":[71],"product_tag":[94],"class_list":{"0":"post-7337","1":"product","2":"type-product","3":"status-publish","4":"has-post-thumbnail","6":"product_cat-panele-guri","7":"product_tag-black","9":"first","10":"instock","11":"shipping-taxable","12":"product-type-simple"},"yoast_head":"<!-- This site is optimized with the Yoast SEO plugin v27.4 - https:\/\/yoast.com\/product\/yoast-seo-wordpress\/ -->\n<title>Stone Panels | Stone Panels Black - FlexDecor<\/title>\n<meta name=\"robots\" content=\"index, follow, max-snippet:-1, max-image-preview:large, max-video-preview:-1\" \/>\n<link rel=\"canonical\" href=\"https:\/\/flexdecor.com\/al\/produkt\/stone-panels-black\/\" \/>\n<meta property=\"og:locale\" content=\"sq_AL\" \/>\n<meta property=\"og:type\" content=\"article\" \/>\n<meta property=\"og:title\" content=\"Stone Panels | Stone Panels Black - FlexDecor\" \/>\n<meta property=\"og:description\" content=\"Stone Panels   Dimensions 120 x 60 cm  Thickness 5 cm  Surface with stone dust  Polyurethane material  Waterproof  Against fire  Against mold\/bacteria  Inquiry Now\" \/>\n<meta property=\"og:url\" content=\"https:\/\/flexdecor.com\/al\/produkt\/stone-panels-black\/\" \/>\n<meta property=\"og:site_name\" content=\"FlexDecor\" \/>\n<meta property=\"article:modified_time\" content=\"2025-12-26T12:09:35+00:00\" \/>\n<meta property=\"og:image\" content=\"https:\/\/flexdecor.com\/wp-content\/uploads\/2024\/02\/Rock-transparent-4.png\" \/>\n\t<meta property=\"og:image:width\" content=\"2160\" \/>\n\t<meta property=\"og:image:height\" content=\"2160\" \/>\n\t<meta property=\"og:image:type\" content=\"image\/png\" \/>\n<meta name=\"twitter:card\" content=\"summary_large_image\" \/>\n<meta name=\"twitter:label1\" content=\"Est. reading time\" \/>\n\t<meta name=\"twitter:data1\" content=\"1 minut\u00eb\" \/>\n<script type=\"application\/ld+json\" class=\"yoast-schema-graph\">{\"@context\":\"https:\\\/\\\/schema.org\",\"@graph\":[{\"@type\":\"WebPage\",\"@id\":\"https:\\\/\\\/flexdecor.com\\\/product\\\/stone-panels-black\\\/\",\"url\":\"https:\\\/\\\/flexdecor.com\\\/product\\\/stone-panels-black\\\/\",\"name\":\"Stone Panels | Stone Panels Black - FlexDecor\",\"isPartOf\":{\"@id\":\"https:\\\/\\\/flexdecor.com\\\/al\\\/#website\"},\"primaryImageOfPage\":{\"@id\":\"https:\\\/\\\/flexdecor.com\\\/product\\\/stone-panels-black\\\/#primaryimage\"},\"image\":{\"@id\":\"https:\\\/\\\/flexdecor.com\\\/product\\\/stone-panels-black\\\/#primaryimage\"},\"thumbnailUrl\":\"https:\\\/\\\/flexdecor.com\\\/wp-content\\\/uploads\\\/2024\\\/02\\\/Rock-transparent-4.png\",\"datePublished\":\"2024-02-20T23:03:38+00:00\",\"dateModified\":\"2025-12-26T12:09:35+00:00\",\"breadcrumb\":{\"@id\":\"https:\\\/\\\/flexdecor.com\\\/product\\\/stone-panels-black\\\/#breadcrumb\"},\"inLanguage\":\"sq\",\"potentialAction\":[{\"@type\":\"ReadAction\",\"target\":[\"https:\\\/\\\/flexdecor.com\\\/product\\\/stone-panels-black\\\/\"]}]},{\"@type\":\"ImageObject\",\"inLanguage\":\"sq\",\"@id\":\"https:\\\/\\\/flexdecor.com\\\/product\\\/stone-panels-black\\\/#primaryimage\",\"url\":\"https:\\\/\\\/flexdecor.com\\\/wp-content\\\/uploads\\\/2024\\\/02\\\/Rock-transparent-4.png\",\"contentUrl\":\"https:\\\/\\\/flexdecor.com\\\/wp-content\\\/uploads\\\/2024\\\/02\\\/Rock-transparent-4.png\",\"width\":2160,\"height\":2160},{\"@type\":\"BreadcrumbList\",\"@id\":\"https:\\\/\\\/flexdecor.com\\\/product\\\/stone-panels-black\\\/#breadcrumb\",\"itemListElement\":[{\"@type\":\"ListItem\",\"position\":1,\"name\":\"Home\",\"item\":\"https:\\\/\\\/flexdecor.com\\\/al\\\/\"},{\"@type\":\"ListItem\",\"position\":2,\"name\":\"Shop\",\"item\":\"http:\\\/\\\/flexdecor.com\\\/en\\\/shop-2\\\/\"},{\"@type\":\"ListItem\",\"position\":3,\"name\":\"Stone Panels | Stone Panels Black\"}]},{\"@type\":\"WebSite\",\"@id\":\"https:\\\/\\\/flexdecor.com\\\/al\\\/#website\",\"url\":\"https:\\\/\\\/flexdecor.com\\\/al\\\/\",\"name\":\"FlexDecor\",\"description\":\"\",\"potentialAction\":[{\"@type\":\"SearchAction\",\"target\":{\"@type\":\"EntryPoint\",\"urlTemplate\":\"https:\\\/\\\/flexdecor.com\\\/al\\\/?s={search_term_string}\"},\"query-input\":{\"@type\":\"PropertyValueSpecification\",\"valueRequired\":true,\"valueName\":\"search_term_string\"}}],\"inLanguage\":\"sq\"}]}<\/script>\n<!-- \/ Yoast SEO plugin. -->","yoast_head_json":{"title":"Stone Panels | Stone Panels Black - FlexDecor","robots":{"index":"index","follow":"follow","max-snippet":"max-snippet:-1","max-image-preview":"max-image-preview:large","max-video-preview":"max-video-preview:-1"},"canonical":"https:\/\/flexdecor.com\/al\/produkt\/stone-panels-black\/","og_locale":"sq_AL","og_type":"article","og_title":"Stone Panels | Stone Panels Black - FlexDecor","og_description":"Stone Panels   Dimensions 120 x 60 cm  Thickness 5 cm  Surface with stone dust  Polyurethane material  Waterproof  Against fire  Against mold\/bacteria  Inquiry Now","og_url":"https:\/\/flexdecor.com\/al\/produkt\/stone-panels-black\/","og_site_name":"FlexDecor","article_modified_time":"2025-12-26T12:09:35+00:00","og_image":[{"width":2160,"height":2160,"url":"https:\/\/flexdecor.com\/wp-content\/uploads\/2024\/02\/Rock-transparent-4.png","type":"image\/png"}],"twitter_card":"summary_large_image","twitter_misc":{"Est. reading time":"1 minut\u00eb"},"schema":{"@context":"https:\/\/schema.org","@graph":[{"@type":"WebPage","@id":"https:\/\/flexdecor.com\/product\/stone-panels-black\/","url":"https:\/\/flexdecor.com\/product\/stone-panels-black\/","name":"Stone Panels | Stone Panels Black - FlexDecor","isPartOf":{"@id":"https:\/\/flexdecor.com\/al\/#website"},"primaryImageOfPage":{"@id":"https:\/\/flexdecor.com\/product\/stone-panels-black\/#primaryimage"},"image":{"@id":"https:\/\/flexdecor.com\/product\/stone-panels-black\/#primaryimage"},"thumbnailUrl":"https:\/\/flexdecor.com\/wp-content\/uploads\/2024\/02\/Rock-transparent-4.png","datePublished":"2024-02-20T23:03:38+00:00","dateModified":"2025-12-26T12:09:35+00:00","breadcrumb":{"@id":"https:\/\/flexdecor.com\/product\/stone-panels-black\/#breadcrumb"},"inLanguage":"sq","potentialAction":[{"@type":"ReadAction","target":["https:\/\/flexdecor.com\/product\/stone-panels-black\/"]}]},{"@type":"ImageObject","inLanguage":"sq","@id":"https:\/\/flexdecor.com\/product\/stone-panels-black\/#primaryimage","url":"https:\/\/flexdecor.com\/wp-content\/uploads\/2024\/02\/Rock-transparent-4.png","contentUrl":"https:\/\/flexdecor.com\/wp-content\/uploads\/2024\/02\/Rock-transparent-4.png","width":2160,"height":2160},{"@type":"BreadcrumbList","@id":"https:\/\/flexdecor.com\/product\/stone-panels-black\/#breadcrumb","itemListElement":[{"@type":"ListItem","position":1,"name":"Home","item":"https:\/\/flexdecor.com\/al\/"},{"@type":"ListItem","position":2,"name":"Shop","item":"http:\/\/flexdecor.com\/en\/shop-2\/"},{"@type":"ListItem","position":3,"name":"Stone Panels | Stone Panels Black"}]},{"@type":"WebSite","@id":"https:\/\/flexdecor.com\/al\/#website","url":"https:\/\/flexdecor.com\/al\/","name":"FlexDecor","description":"","potentialAction":[{"@type":"SearchAction","target":{"@type":"EntryPoint","urlTemplate":"https:\/\/flexdecor.com\/al\/?s={search_term_string}"},"query-input":{"@type":"PropertyValueSpecification","valueRequired":true,"valueName":"search_term_string"}}],"inLanguage":"sq"}]}},"_links":{"self":[{"href":"http:\/\/flexdecor.com\/al\/wp-json\/wp\/v2\/product\/7337","targetHints":{"allow":["GET"]}}],"collection":[{"href":"http:\/\/flexdecor.com\/al\/wp-json\/wp\/v2\/product"}],"about":[{"href":"http:\/\/flexdecor.com\/al\/wp-json\/wp\/v2\/types\/product"}],"wp:featuredmedia":[{"embeddable":true,"href":"http:\/\/flexdecor.com\/al\/wp-json\/wp\/v2\/media\/7342"}],"wp:attachment":[{"href":"http:\/\/flexdecor.com\/al\/wp-json\/wp\/v2\/media?parent=7337"}],"wp:term":[{"taxonomy":"product_brand","embeddable":true,"href":"http:\/\/flexdecor.com\/al\/wp-json\/wp\/v2\/product_brand?post=7337"},{"taxonomy":"product_cat","embeddable":true,"href":"http:\/\/flexdecor.com\/al\/wp-json\/wp\/v2\/product_cat?post=7337"},{"taxonomy":"product_tag","embeddable":true,"href":"http:\/\/flexdecor.com\/al\/wp-json\/wp\/v2\/product_tag?post=7337"}],"curies":[{"name":"wp","href":"https:\/\/api.w.org\/{rel}","templated":true}]}}