	 {"id":7370,"date":"2024-02-20T23:40:50","date_gmt":"2024-02-20T23:40:50","guid":{"rendered":"https:\/\/flexdecor.com\/?post_type=product&#038;p=7370"},"modified":"2025-12-26T12:07:04","modified_gmt":"2025-12-26T12:07:04","slug":"pllaka-fleksibel-aw-301-calacatta","status":"publish","type":"product","link":"http:\/\/flexdecor.com\/al\/produkt\/pllaka-fleksibel-aw-301-calacatta\/","title":{"rendered":"Pllaka Fleksib\u00ebl | AW \u2013 301 Calacatta"},"content":{"rendered":"","protected":false},"excerpt":{"rendered":"<h3>Pllaka Fleksib\u00ebl<\/h3>\n<ul>\n<li>P\u00ebrmas\u00eb 120 x 280 cm<\/li>\n<li>3 mm trash\u00ebsi<\/li>\n<li>Kund\u00ebr ujit<\/li>\n<li>Kund\u00ebr g\u00ebrvishtjeve<\/li>\n<li>Kund\u00ebr zjarrit<\/li>\n<li>Kund\u00ebr mykut\/bakterieve<\/li>\n<li>Material ekologjik<\/li>\n<\/ul>\n<p><button class=\"custom-btn\" type=\"button\">B\u00ebj nj\u00eb k\u00ebrkes\u00eb<\/button><\/p>","protected":false},"featured_media":7372,"template":"","meta":[],"product_brand":[],"product_cat":[120,72],"product_tag":[],"class_list":{"0":"post-7370","1":"product","2":"type-product","3":"status-publish","4":"has-post-thumbnail","6":"product_cat-flexible-panels","7":"product_cat-pllaka-fleksibel","9":"first","10":"instock","11":"shipping-taxable","12":"product-type-simple"},"yoast_head":"<!-- This site is optimized with the Yoast SEO plugin v27.4 - https:\/\/yoast.com\/product\/yoast-seo-wordpress\/ -->\n<title>Flexible Panels | AW - 301 Calacatta - FlexDecor<\/title>\n<meta name=\"robots\" content=\"index, follow, max-snippet:-1, max-image-preview:large, max-video-preview:-1\" \/>\n<link rel=\"canonical\" href=\"https:\/\/flexdecor.com\/al\/produkt\/pllaka-fleksibel-aw-301-calacatta\/\" \/>\n<meta property=\"og:locale\" content=\"sq_AL\" \/>\n<meta property=\"og:type\" content=\"article\" \/>\n<meta property=\"og:title\" content=\"Flexible Panels | AW - 301 Calacatta - FlexDecor\" \/>\n<meta property=\"og:description\" content=\"Flexible Panels   Dimensions 120 x 280 cm  3 mm thick  Waterproof  Against scratches  Anti-fire  Against mold\/bacteria  Ecological material  Inquiry Now\" \/>\n<meta property=\"og:url\" content=\"https:\/\/flexdecor.com\/al\/produkt\/pllaka-fleksibel-aw-301-calacatta\/\" \/>\n<meta property=\"og:site_name\" content=\"FlexDecor\" \/>\n<meta property=\"article:modified_time\" content=\"2025-12-26T12:07:04+00:00\" \/>\n<meta property=\"og:image\" content=\"https:\/\/flexdecor.com\/wp-content\/uploads\/2024\/02\/GER6165-scaled-e1708472552871.jpg\" \/>\n\t<meta property=\"og:image:width\" content=\"1075\" \/>\n\t<meta property=\"og:image:height\" content=\"1075\" \/>\n\t<meta property=\"og:image:type\" content=\"image\/jpeg\" \/>\n<meta name=\"twitter:card\" content=\"summary_large_image\" \/>\n<meta name=\"twitter:label1\" content=\"Est. reading time\" \/>\n\t<meta name=\"twitter:data1\" content=\"1 minut\u00eb\" \/>\n<script type=\"application\/ld+json\" class=\"yoast-schema-graph\">{\"@context\":\"https:\\\/\\\/schema.org\",\"@graph\":[{\"@type\":\"WebPage\",\"@id\":\"https:\\\/\\\/flexdecor.com\\\/product\\\/pllaka-fleksibel-aw-301-calacatta\\\/\",\"url\":\"https:\\\/\\\/flexdecor.com\\\/product\\\/pllaka-fleksibel-aw-301-calacatta\\\/\",\"name\":\"Flexible Panels | AW - 301 Calacatta - FlexDecor\",\"isPartOf\":{\"@id\":\"https:\\\/\\\/flexdecor.com\\\/al\\\/#website\"},\"primaryImageOfPage\":{\"@id\":\"https:\\\/\\\/flexdecor.com\\\/product\\\/pllaka-fleksibel-aw-301-calacatta\\\/#primaryimage\"},\"image\":{\"@id\":\"https:\\\/\\\/flexdecor.com\\\/product\\\/pllaka-fleksibel-aw-301-calacatta\\\/#primaryimage\"},\"thumbnailUrl\":\"https:\\\/\\\/flexdecor.com\\\/wp-content\\\/uploads\\\/2024\\\/02\\\/GER6165-scaled-e1708472552871.jpg\",\"datePublished\":\"2024-02-20T23:40:50+00:00\",\"dateModified\":\"2025-12-26T12:07:04+00:00\",\"breadcrumb\":{\"@id\":\"https:\\\/\\\/flexdecor.com\\\/product\\\/pllaka-fleksibel-aw-301-calacatta\\\/#breadcrumb\"},\"inLanguage\":\"sq\",\"potentialAction\":[{\"@type\":\"ReadAction\",\"target\":[\"https:\\\/\\\/flexdecor.com\\\/product\\\/pllaka-fleksibel-aw-301-calacatta\\\/\"]}]},{\"@type\":\"ImageObject\",\"inLanguage\":\"sq\",\"@id\":\"https:\\\/\\\/flexdecor.com\\\/product\\\/pllaka-fleksibel-aw-301-calacatta\\\/#primaryimage\",\"url\":\"https:\\\/\\\/flexdecor.com\\\/wp-content\\\/uploads\\\/2024\\\/02\\\/GER6165-scaled-e1708472552871.jpg\",\"contentUrl\":\"https:\\\/\\\/flexdecor.com\\\/wp-content\\\/uploads\\\/2024\\\/02\\\/GER6165-scaled-e1708472552871.jpg\",\"width\":1075,\"height\":1075},{\"@type\":\"BreadcrumbList\",\"@id\":\"https:\\\/\\\/flexdecor.com\\\/product\\\/pllaka-fleksibel-aw-301-calacatta\\\/#breadcrumb\",\"itemListElement\":[{\"@type\":\"ListItem\",\"position\":1,\"name\":\"Home\",\"item\":\"https:\\\/\\\/flexdecor.com\\\/al\\\/\"},{\"@type\":\"ListItem\",\"position\":2,\"name\":\"Shop\",\"item\":\"http:\\\/\\\/flexdecor.com\\\/en\\\/shop-2\\\/\"},{\"@type\":\"ListItem\",\"position\":3,\"name\":\"Flexible Panels | AW &#8211; 301 Calacatta\"}]},{\"@type\":\"WebSite\",\"@id\":\"https:\\\/\\\/flexdecor.com\\\/al\\\/#website\",\"url\":\"https:\\\/\\\/flexdecor.com\\\/al\\\/\",\"name\":\"FlexDecor\",\"description\":\"\",\"potentialAction\":[{\"@type\":\"SearchAction\",\"target\":{\"@type\":\"EntryPoint\",\"urlTemplate\":\"https:\\\/\\\/flexdecor.com\\\/al\\\/?s={search_term_string}\"},\"query-input\":{\"@type\":\"PropertyValueSpecification\",\"valueRequired\":true,\"valueName\":\"search_term_string\"}}],\"inLanguage\":\"sq\"}]}<\/script>\n<!-- \/ Yoast SEO plugin. -->","yoast_head_json":{"title":"Flexible Panels | AW - 301 Calacatta - FlexDecor","robots":{"index":"index","follow":"follow","max-snippet":"max-snippet:-1","max-image-preview":"max-image-preview:large","max-video-preview":"max-video-preview:-1"},"canonical":"https:\/\/flexdecor.com\/al\/produkt\/pllaka-fleksibel-aw-301-calacatta\/","og_locale":"sq_AL","og_type":"article","og_title":"Flexible Panels | AW - 301 Calacatta - FlexDecor","og_description":"Flexible Panels   Dimensions 120 x 280 cm  3 mm thick  Waterproof  Against scratches  Anti-fire  Against mold\/bacteria  Ecological material  Inquiry Now","og_url":"https:\/\/flexdecor.com\/al\/produkt\/pllaka-fleksibel-aw-301-calacatta\/","og_site_name":"FlexDecor","article_modified_time":"2025-12-26T12:07:04+00:00","og_image":[{"width":1075,"height":1075,"url":"https:\/\/flexdecor.com\/wp-content\/uploads\/2024\/02\/GER6165-scaled-e1708472552871.jpg","type":"image\/jpeg"}],"twitter_card":"summary_large_image","twitter_misc":{"Est. reading time":"1 minut\u00eb"},"schema":{"@context":"https:\/\/schema.org","@graph":[{"@type":"WebPage","@id":"https:\/\/flexdecor.com\/product\/pllaka-fleksibel-aw-301-calacatta\/","url":"https:\/\/flexdecor.com\/product\/pllaka-fleksibel-aw-301-calacatta\/","name":"Flexible Panels | AW - 301 Calacatta - FlexDecor","isPartOf":{"@id":"https:\/\/flexdecor.com\/al\/#website"},"primaryImageOfPage":{"@id":"https:\/\/flexdecor.com\/product\/pllaka-fleksibel-aw-301-calacatta\/#primaryimage"},"image":{"@id":"https:\/\/flexdecor.com\/product\/pllaka-fleksibel-aw-301-calacatta\/#primaryimage"},"thumbnailUrl":"https:\/\/flexdecor.com\/wp-content\/uploads\/2024\/02\/GER6165-scaled-e1708472552871.jpg","datePublished":"2024-02-20T23:40:50+00:00","dateModified":"2025-12-26T12:07:04+00:00","breadcrumb":{"@id":"https:\/\/flexdecor.com\/product\/pllaka-fleksibel-aw-301-calacatta\/#breadcrumb"},"inLanguage":"sq","potentialAction":[{"@type":"ReadAction","target":["https:\/\/flexdecor.com\/product\/pllaka-fleksibel-aw-301-calacatta\/"]}]},{"@type":"ImageObject","inLanguage":"sq","@id":"https:\/\/flexdecor.com\/product\/pllaka-fleksibel-aw-301-calacatta\/#primaryimage","url":"https:\/\/flexdecor.com\/wp-content\/uploads\/2024\/02\/GER6165-scaled-e1708472552871.jpg","contentUrl":"https:\/\/flexdecor.com\/wp-content\/uploads\/2024\/02\/GER6165-scaled-e1708472552871.jpg","width":1075,"height":1075},{"@type":"BreadcrumbList","@id":"https:\/\/flexdecor.com\/product\/pllaka-fleksibel-aw-301-calacatta\/#breadcrumb","itemListElement":[{"@type":"ListItem","position":1,"name":"Home","item":"https:\/\/flexdecor.com\/al\/"},{"@type":"ListItem","position":2,"name":"Shop","item":"http:\/\/flexdecor.com\/en\/shop-2\/"},{"@type":"ListItem","position":3,"name":"Flexible Panels | AW &#8211; 301 Calacatta"}]},{"@type":"WebSite","@id":"https:\/\/flexdecor.com\/al\/#website","url":"https:\/\/flexdecor.com\/al\/","name":"FlexDecor","description":"","potentialAction":[{"@type":"SearchAction","target":{"@type":"EntryPoint","urlTemplate":"https:\/\/flexdecor.com\/al\/?s={search_term_string}"},"query-input":{"@type":"PropertyValueSpecification","valueRequired":true,"valueName":"search_term_string"}}],"inLanguage":"sq"}]}},"_links":{"self":[{"href":"http:\/\/flexdecor.com\/al\/wp-json\/wp\/v2\/product\/7370","targetHints":{"allow":["GET"]}}],"collection":[{"href":"http:\/\/flexdecor.com\/al\/wp-json\/wp\/v2\/product"}],"about":[{"href":"http:\/\/flexdecor.com\/al\/wp-json\/wp\/v2\/types\/product"}],"wp:featuredmedia":[{"embeddable":true,"href":"http:\/\/flexdecor.com\/al\/wp-json\/wp\/v2\/media\/7372"}],"wp:attachment":[{"href":"http:\/\/flexdecor.com\/al\/wp-json\/wp\/v2\/media?parent=7370"}],"wp:term":[{"taxonomy":"product_brand","embeddable":true,"href":"http:\/\/flexdecor.com\/al\/wp-json\/wp\/v2\/product_brand?post=7370"},{"taxonomy":"product_cat","embeddable":true,"href":"http:\/\/flexdecor.com\/al\/wp-json\/wp\/v2\/product_cat?post=7370"},{"taxonomy":"product_tag","embeddable":true,"href":"http:\/\/flexdecor.com\/al\/wp-json\/wp\/v2\/product_tag?post=7370"}],"curies":[{"name":"wp","href":"https:\/\/api.w.org\/{rel}","templated":true}]}}