	 {"id":7400,"date":"2024-02-21T00:00:50","date_gmt":"2024-02-21T00:00:50","guid":{"rendered":"https:\/\/flexdecor.com\/?post_type=product&#038;p=7400"},"modified":"2025-12-26T10:54:08","modified_gmt":"2025-12-26T10:54:08","slug":"pllaka-fleksibel-awzx-009-2-statuario","status":"publish","type":"product","link":"http:\/\/flexdecor.com\/al\/produkt\/pllaka-fleksibel-awzx-009-2-statuario\/","title":{"rendered":"Pllaka Fleksib\u00ebl | AWZX \u2013 009-2 Statuario"},"content":{"rendered":"","protected":false},"excerpt":{"rendered":"<h3>Pllaka Fleksib\u00ebl<\/h3>\n<ul>\n<li>P\u00ebrmas\u00eb 120 x 280 cm<\/li>\n<li>3 mm trash\u00ebsi<\/li>\n<li>Kund\u00ebr ujit<\/li>\n<li>Kund\u00ebr g\u00ebrvishtjeve<\/li>\n<li>Kund\u00ebr zjarrit<\/li>\n<li>Kund\u00ebr mykut\/bakterieve<\/li>\n<li>Material ekologjik<\/li>\n<\/ul>\n<p><button class=\"custom-btn\" type=\"button\">B\u00ebj nj\u00eb k\u00ebrkes\u00eb<\/button><\/p>","protected":false},"featured_media":7402,"template":"","meta":[],"product_brand":[],"product_cat":[72,120],"product_tag":[],"class_list":{"0":"post-7400","1":"product","2":"type-product","3":"status-publish","4":"has-post-thumbnail","6":"product_cat-pllaka-fleksibel","7":"product_cat-flexible-panels","9":"first","10":"instock","11":"shipping-taxable","12":"product-type-simple"},"yoast_head":"<!-- This site is optimized with the Yoast SEO plugin v27.4 - https:\/\/yoast.com\/product\/yoast-seo-wordpress\/ -->\n<title>Flexible Panels | AWZX - 009-2 Statuario - FlexDecor<\/title>\n<meta name=\"robots\" content=\"index, follow, max-snippet:-1, max-image-preview:large, max-video-preview:-1\" \/>\n<link rel=\"canonical\" href=\"https:\/\/flexdecor.com\/al\/produkt\/pllaka-fleksibel-awzx-009-2-statuario\/\" \/>\n<meta property=\"og:locale\" content=\"sq_AL\" \/>\n<meta property=\"og:type\" content=\"article\" \/>\n<meta property=\"og:title\" content=\"Flexible Panels | AWZX - 009-2 Statuario - FlexDecor\" \/>\n<meta property=\"og:description\" content=\"Flexible Panels   Dimensions 120 x 280 cm  3 mm thick  Waterproof  Against scratches  Anti-fire  Against mold\/bacteria  Ecological material  Inquiry Now\" \/>\n<meta property=\"og:url\" content=\"https:\/\/flexdecor.com\/al\/produkt\/pllaka-fleksibel-awzx-009-2-statuario\/\" \/>\n<meta property=\"og:site_name\" content=\"FlexDecor\" \/>\n<meta property=\"article:modified_time\" content=\"2025-12-26T10:54:08+00:00\" \/>\n<meta property=\"og:image\" content=\"https:\/\/flexdecor.com\/wp-content\/uploads\/2024\/02\/GER6184-scaled-e1708473726350.jpg\" \/>\n\t<meta property=\"og:image:width\" content=\"1096\" \/>\n\t<meta property=\"og:image:height\" content=\"1096\" \/>\n\t<meta property=\"og:image:type\" content=\"image\/jpeg\" \/>\n<meta name=\"twitter:card\" content=\"summary_large_image\" \/>\n<meta name=\"twitter:label1\" content=\"Est. reading time\" \/>\n\t<meta name=\"twitter:data1\" content=\"1 minut\u00eb\" \/>\n<script type=\"application\/ld+json\" class=\"yoast-schema-graph\">{\"@context\":\"https:\\\/\\\/schema.org\",\"@graph\":[{\"@type\":\"WebPage\",\"@id\":\"https:\\\/\\\/flexdecor.com\\\/product\\\/pllaka-fleksibel-awzx-009-2-statuario\\\/\",\"url\":\"https:\\\/\\\/flexdecor.com\\\/product\\\/pllaka-fleksibel-awzx-009-2-statuario\\\/\",\"name\":\"Flexible Panels | AWZX - 009-2 Statuario - FlexDecor\",\"isPartOf\":{\"@id\":\"https:\\\/\\\/flexdecor.com\\\/al\\\/#website\"},\"primaryImageOfPage\":{\"@id\":\"https:\\\/\\\/flexdecor.com\\\/product\\\/pllaka-fleksibel-awzx-009-2-statuario\\\/#primaryimage\"},\"image\":{\"@id\":\"https:\\\/\\\/flexdecor.com\\\/product\\\/pllaka-fleksibel-awzx-009-2-statuario\\\/#primaryimage\"},\"thumbnailUrl\":\"https:\\\/\\\/flexdecor.com\\\/wp-content\\\/uploads\\\/2024\\\/02\\\/GER6184-scaled-e1708473726350.jpg\",\"datePublished\":\"2024-02-21T00:00:50+00:00\",\"dateModified\":\"2025-12-26T10:54:08+00:00\",\"breadcrumb\":{\"@id\":\"https:\\\/\\\/flexdecor.com\\\/product\\\/pllaka-fleksibel-awzx-009-2-statuario\\\/#breadcrumb\"},\"inLanguage\":\"sq\",\"potentialAction\":[{\"@type\":\"ReadAction\",\"target\":[\"https:\\\/\\\/flexdecor.com\\\/product\\\/pllaka-fleksibel-awzx-009-2-statuario\\\/\"]}]},{\"@type\":\"ImageObject\",\"inLanguage\":\"sq\",\"@id\":\"https:\\\/\\\/flexdecor.com\\\/product\\\/pllaka-fleksibel-awzx-009-2-statuario\\\/#primaryimage\",\"url\":\"https:\\\/\\\/flexdecor.com\\\/wp-content\\\/uploads\\\/2024\\\/02\\\/GER6184-scaled-e1708473726350.jpg\",\"contentUrl\":\"https:\\\/\\\/flexdecor.com\\\/wp-content\\\/uploads\\\/2024\\\/02\\\/GER6184-scaled-e1708473726350.jpg\",\"width\":1096,\"height\":1096},{\"@type\":\"BreadcrumbList\",\"@id\":\"https:\\\/\\\/flexdecor.com\\\/product\\\/pllaka-fleksibel-awzx-009-2-statuario\\\/#breadcrumb\",\"itemListElement\":[{\"@type\":\"ListItem\",\"position\":1,\"name\":\"Home\",\"item\":\"https:\\\/\\\/flexdecor.com\\\/al\\\/\"},{\"@type\":\"ListItem\",\"position\":2,\"name\":\"Shop\",\"item\":\"http:\\\/\\\/flexdecor.com\\\/en\\\/shop-2\\\/\"},{\"@type\":\"ListItem\",\"position\":3,\"name\":\"Flexible Panels | AWZX &#8211; 009-2 Statuario\"}]},{\"@type\":\"WebSite\",\"@id\":\"https:\\\/\\\/flexdecor.com\\\/al\\\/#website\",\"url\":\"https:\\\/\\\/flexdecor.com\\\/al\\\/\",\"name\":\"FlexDecor\",\"description\":\"\",\"potentialAction\":[{\"@type\":\"SearchAction\",\"target\":{\"@type\":\"EntryPoint\",\"urlTemplate\":\"https:\\\/\\\/flexdecor.com\\\/al\\\/?s={search_term_string}\"},\"query-input\":{\"@type\":\"PropertyValueSpecification\",\"valueRequired\":true,\"valueName\":\"search_term_string\"}}],\"inLanguage\":\"sq\"}]}<\/script>\n<!-- \/ Yoast SEO plugin. -->","yoast_head_json":{"title":"Flexible Panels | AWZX - 009-2 Statuario - FlexDecor","robots":{"index":"index","follow":"follow","max-snippet":"max-snippet:-1","max-image-preview":"max-image-preview:large","max-video-preview":"max-video-preview:-1"},"canonical":"https:\/\/flexdecor.com\/al\/produkt\/pllaka-fleksibel-awzx-009-2-statuario\/","og_locale":"sq_AL","og_type":"article","og_title":"Flexible Panels | AWZX - 009-2 Statuario - FlexDecor","og_description":"Flexible Panels   Dimensions 120 x 280 cm  3 mm thick  Waterproof  Against scratches  Anti-fire  Against mold\/bacteria  Ecological material  Inquiry Now","og_url":"https:\/\/flexdecor.com\/al\/produkt\/pllaka-fleksibel-awzx-009-2-statuario\/","og_site_name":"FlexDecor","article_modified_time":"2025-12-26T10:54:08+00:00","og_image":[{"width":1096,"height":1096,"url":"https:\/\/flexdecor.com\/wp-content\/uploads\/2024\/02\/GER6184-scaled-e1708473726350.jpg","type":"image\/jpeg"}],"twitter_card":"summary_large_image","twitter_misc":{"Est. reading time":"1 minut\u00eb"},"schema":{"@context":"https:\/\/schema.org","@graph":[{"@type":"WebPage","@id":"https:\/\/flexdecor.com\/product\/pllaka-fleksibel-awzx-009-2-statuario\/","url":"https:\/\/flexdecor.com\/product\/pllaka-fleksibel-awzx-009-2-statuario\/","name":"Flexible Panels | AWZX - 009-2 Statuario - FlexDecor","isPartOf":{"@id":"https:\/\/flexdecor.com\/al\/#website"},"primaryImageOfPage":{"@id":"https:\/\/flexdecor.com\/product\/pllaka-fleksibel-awzx-009-2-statuario\/#primaryimage"},"image":{"@id":"https:\/\/flexdecor.com\/product\/pllaka-fleksibel-awzx-009-2-statuario\/#primaryimage"},"thumbnailUrl":"https:\/\/flexdecor.com\/wp-content\/uploads\/2024\/02\/GER6184-scaled-e1708473726350.jpg","datePublished":"2024-02-21T00:00:50+00:00","dateModified":"2025-12-26T10:54:08+00:00","breadcrumb":{"@id":"https:\/\/flexdecor.com\/product\/pllaka-fleksibel-awzx-009-2-statuario\/#breadcrumb"},"inLanguage":"sq","potentialAction":[{"@type":"ReadAction","target":["https:\/\/flexdecor.com\/product\/pllaka-fleksibel-awzx-009-2-statuario\/"]}]},{"@type":"ImageObject","inLanguage":"sq","@id":"https:\/\/flexdecor.com\/product\/pllaka-fleksibel-awzx-009-2-statuario\/#primaryimage","url":"https:\/\/flexdecor.com\/wp-content\/uploads\/2024\/02\/GER6184-scaled-e1708473726350.jpg","contentUrl":"https:\/\/flexdecor.com\/wp-content\/uploads\/2024\/02\/GER6184-scaled-e1708473726350.jpg","width":1096,"height":1096},{"@type":"BreadcrumbList","@id":"https:\/\/flexdecor.com\/product\/pllaka-fleksibel-awzx-009-2-statuario\/#breadcrumb","itemListElement":[{"@type":"ListItem","position":1,"name":"Home","item":"https:\/\/flexdecor.com\/al\/"},{"@type":"ListItem","position":2,"name":"Shop","item":"http:\/\/flexdecor.com\/en\/shop-2\/"},{"@type":"ListItem","position":3,"name":"Flexible Panels | AWZX &#8211; 009-2 Statuario"}]},{"@type":"WebSite","@id":"https:\/\/flexdecor.com\/al\/#website","url":"https:\/\/flexdecor.com\/al\/","name":"FlexDecor","description":"","potentialAction":[{"@type":"SearchAction","target":{"@type":"EntryPoint","urlTemplate":"https:\/\/flexdecor.com\/al\/?s={search_term_string}"},"query-input":{"@type":"PropertyValueSpecification","valueRequired":true,"valueName":"search_term_string"}}],"inLanguage":"sq"}]}},"_links":{"self":[{"href":"http:\/\/flexdecor.com\/al\/wp-json\/wp\/v2\/product\/7400","targetHints":{"allow":["GET"]}}],"collection":[{"href":"http:\/\/flexdecor.com\/al\/wp-json\/wp\/v2\/product"}],"about":[{"href":"http:\/\/flexdecor.com\/al\/wp-json\/wp\/v2\/types\/product"}],"wp:featuredmedia":[{"embeddable":true,"href":"http:\/\/flexdecor.com\/al\/wp-json\/wp\/v2\/media\/7402"}],"wp:attachment":[{"href":"http:\/\/flexdecor.com\/al\/wp-json\/wp\/v2\/media?parent=7400"}],"wp:term":[{"taxonomy":"product_brand","embeddable":true,"href":"http:\/\/flexdecor.com\/al\/wp-json\/wp\/v2\/product_brand?post=7400"},{"taxonomy":"product_cat","embeddable":true,"href":"http:\/\/flexdecor.com\/al\/wp-json\/wp\/v2\/product_cat?post=7400"},{"taxonomy":"product_tag","embeddable":true,"href":"http:\/\/flexdecor.com\/al\/wp-json\/wp\/v2\/product_tag?post=7400"}],"curies":[{"name":"wp","href":"https:\/\/api.w.org\/{rel}","templated":true}]}}