	 {"id":7409,"date":"2024-02-21T00:06:23","date_gmt":"2024-02-21T00:06:23","guid":{"rendered":"https:\/\/flexdecor.com\/?post_type=product&#038;p=7409"},"modified":"2025-12-26T10:52:47","modified_gmt":"2025-12-26T10:52:47","slug":"pllaka-fleksibel-mat-mat-grey","status":"publish","type":"product","link":"http:\/\/flexdecor.com\/al\/produkt\/pllaka-fleksibel-mat-mat-grey\/","title":{"rendered":"Pllaka Fleksib\u00ebl Mat | Mat Grey"},"content":{"rendered":"","protected":false},"excerpt":{"rendered":"<h3>Pllaka Fleksib\u00ebl<\/h3>\n<ul>\n<li>P\u00ebrmas\u00eb 120 x 280 cm<\/li>\n<li>3 mm trash\u00ebsi<\/li>\n<li>Kund\u00ebr ujit<\/li>\n<li>Kund\u00ebr g\u00ebrvishtjeve<\/li>\n<li>Kund\u00ebr zjarrit<\/li>\n<li>Kund\u00ebr mykut\/bakterieve<\/li>\n<li>Material ekologjik<\/li>\n<\/ul>\n<p><button class=\"custom-btn\" type=\"button\">B\u00ebj nj\u00eb k\u00ebrkes\u00eb<\/button><\/p>","protected":false},"featured_media":7411,"template":"","meta":[],"product_brand":[],"product_cat":[72,119],"product_tag":[97],"class_list":{"0":"post-7409","1":"product","2":"type-product","3":"status-publish","4":"has-post-thumbnail","6":"product_cat-pllaka-fleksibel","7":"product_cat-mat-flexible-panels","8":"product_tag-grey","10":"first","11":"instock","12":"shipping-taxable","13":"product-type-simple"},"yoast_head":"<!-- This site is optimized with the Yoast SEO plugin v27.4 - https:\/\/yoast.com\/product\/yoast-seo-wordpress\/ -->\n<title>Mat Flexible Panels | Mat Grey - FlexDecor<\/title>\n<meta name=\"robots\" content=\"index, follow, max-snippet:-1, max-image-preview:large, max-video-preview:-1\" \/>\n<link rel=\"canonical\" href=\"https:\/\/flexdecor.com\/al\/produkt\/pllaka-fleksibel-mat-mat-grey\/\" \/>\n<meta property=\"og:locale\" content=\"sq_AL\" \/>\n<meta property=\"og:type\" content=\"article\" \/>\n<meta property=\"og:title\" content=\"Mat Flexible Panels | Mat Grey - FlexDecor\" \/>\n<meta property=\"og:description\" content=\"Flexible Panels   Dimensions 120 x 280 cm  3 mm thick  Waterproof  Against scratches  Anti-fire  Against mold\/bacteria  Ecological material  Inquiry Now\" \/>\n<meta property=\"og:url\" content=\"https:\/\/flexdecor.com\/al\/produkt\/pllaka-fleksibel-mat-mat-grey\/\" \/>\n<meta property=\"og:site_name\" content=\"FlexDecor\" \/>\n<meta property=\"article:modified_time\" content=\"2025-12-26T10:52:47+00:00\" \/>\n<meta property=\"og:image\" content=\"https:\/\/flexdecor.com\/wp-content\/uploads\/2024\/02\/GER6076-scaled-e1708474067154.jpg\" \/>\n\t<meta property=\"og:image:width\" content=\"883\" \/>\n\t<meta property=\"og:image:height\" content=\"883\" \/>\n\t<meta property=\"og:image:type\" content=\"image\/jpeg\" \/>\n<meta name=\"twitter:card\" content=\"summary_large_image\" \/>\n<meta name=\"twitter:label1\" content=\"Est. reading time\" \/>\n\t<meta name=\"twitter:data1\" content=\"1 minut\u00eb\" \/>\n<script type=\"application\/ld+json\" class=\"yoast-schema-graph\">{\"@context\":\"https:\\\/\\\/schema.org\",\"@graph\":[{\"@type\":\"WebPage\",\"@id\":\"https:\\\/\\\/flexdecor.com\\\/product\\\/pllaka-fleksibel-mat-mat-grey\\\/\",\"url\":\"https:\\\/\\\/flexdecor.com\\\/product\\\/pllaka-fleksibel-mat-mat-grey\\\/\",\"name\":\"Mat Flexible Panels | Mat Grey - FlexDecor\",\"isPartOf\":{\"@id\":\"https:\\\/\\\/flexdecor.com\\\/al\\\/#website\"},\"primaryImageOfPage\":{\"@id\":\"https:\\\/\\\/flexdecor.com\\\/product\\\/pllaka-fleksibel-mat-mat-grey\\\/#primaryimage\"},\"image\":{\"@id\":\"https:\\\/\\\/flexdecor.com\\\/product\\\/pllaka-fleksibel-mat-mat-grey\\\/#primaryimage\"},\"thumbnailUrl\":\"https:\\\/\\\/flexdecor.com\\\/wp-content\\\/uploads\\\/2024\\\/02\\\/GER6076-scaled-e1708474067154.jpg\",\"datePublished\":\"2024-02-21T00:06:23+00:00\",\"dateModified\":\"2025-12-26T10:52:47+00:00\",\"breadcrumb\":{\"@id\":\"https:\\\/\\\/flexdecor.com\\\/product\\\/pllaka-fleksibel-mat-mat-grey\\\/#breadcrumb\"},\"inLanguage\":\"sq\",\"potentialAction\":[{\"@type\":\"ReadAction\",\"target\":[\"https:\\\/\\\/flexdecor.com\\\/product\\\/pllaka-fleksibel-mat-mat-grey\\\/\"]}]},{\"@type\":\"ImageObject\",\"inLanguage\":\"sq\",\"@id\":\"https:\\\/\\\/flexdecor.com\\\/product\\\/pllaka-fleksibel-mat-mat-grey\\\/#primaryimage\",\"url\":\"https:\\\/\\\/flexdecor.com\\\/wp-content\\\/uploads\\\/2024\\\/02\\\/GER6076-scaled-e1708474067154.jpg\",\"contentUrl\":\"https:\\\/\\\/flexdecor.com\\\/wp-content\\\/uploads\\\/2024\\\/02\\\/GER6076-scaled-e1708474067154.jpg\",\"width\":883,\"height\":883},{\"@type\":\"BreadcrumbList\",\"@id\":\"https:\\\/\\\/flexdecor.com\\\/product\\\/pllaka-fleksibel-mat-mat-grey\\\/#breadcrumb\",\"itemListElement\":[{\"@type\":\"ListItem\",\"position\":1,\"name\":\"Home\",\"item\":\"https:\\\/\\\/flexdecor.com\\\/al\\\/\"},{\"@type\":\"ListItem\",\"position\":2,\"name\":\"Shop\",\"item\":\"http:\\\/\\\/flexdecor.com\\\/en\\\/shop-2\\\/\"},{\"@type\":\"ListItem\",\"position\":3,\"name\":\"Mat Flexible Panels | Mat Grey\"}]},{\"@type\":\"WebSite\",\"@id\":\"https:\\\/\\\/flexdecor.com\\\/al\\\/#website\",\"url\":\"https:\\\/\\\/flexdecor.com\\\/al\\\/\",\"name\":\"FlexDecor\",\"description\":\"\",\"potentialAction\":[{\"@type\":\"SearchAction\",\"target\":{\"@type\":\"EntryPoint\",\"urlTemplate\":\"https:\\\/\\\/flexdecor.com\\\/al\\\/?s={search_term_string}\"},\"query-input\":{\"@type\":\"PropertyValueSpecification\",\"valueRequired\":true,\"valueName\":\"search_term_string\"}}],\"inLanguage\":\"sq\"}]}<\/script>\n<!-- \/ Yoast SEO plugin. -->","yoast_head_json":{"title":"Mat Flexible Panels | Mat Grey - FlexDecor","robots":{"index":"index","follow":"follow","max-snippet":"max-snippet:-1","max-image-preview":"max-image-preview:large","max-video-preview":"max-video-preview:-1"},"canonical":"https:\/\/flexdecor.com\/al\/produkt\/pllaka-fleksibel-mat-mat-grey\/","og_locale":"sq_AL","og_type":"article","og_title":"Mat Flexible Panels | Mat Grey - FlexDecor","og_description":"Flexible Panels   Dimensions 120 x 280 cm  3 mm thick  Waterproof  Against scratches  Anti-fire  Against mold\/bacteria  Ecological material  Inquiry Now","og_url":"https:\/\/flexdecor.com\/al\/produkt\/pllaka-fleksibel-mat-mat-grey\/","og_site_name":"FlexDecor","article_modified_time":"2025-12-26T10:52:47+00:00","og_image":[{"width":883,"height":883,"url":"https:\/\/flexdecor.com\/wp-content\/uploads\/2024\/02\/GER6076-scaled-e1708474067154.jpg","type":"image\/jpeg"}],"twitter_card":"summary_large_image","twitter_misc":{"Est. reading time":"1 minut\u00eb"},"schema":{"@context":"https:\/\/schema.org","@graph":[{"@type":"WebPage","@id":"https:\/\/flexdecor.com\/product\/pllaka-fleksibel-mat-mat-grey\/","url":"https:\/\/flexdecor.com\/product\/pllaka-fleksibel-mat-mat-grey\/","name":"Mat Flexible Panels | Mat Grey - FlexDecor","isPartOf":{"@id":"https:\/\/flexdecor.com\/al\/#website"},"primaryImageOfPage":{"@id":"https:\/\/flexdecor.com\/product\/pllaka-fleksibel-mat-mat-grey\/#primaryimage"},"image":{"@id":"https:\/\/flexdecor.com\/product\/pllaka-fleksibel-mat-mat-grey\/#primaryimage"},"thumbnailUrl":"https:\/\/flexdecor.com\/wp-content\/uploads\/2024\/02\/GER6076-scaled-e1708474067154.jpg","datePublished":"2024-02-21T00:06:23+00:00","dateModified":"2025-12-26T10:52:47+00:00","breadcrumb":{"@id":"https:\/\/flexdecor.com\/product\/pllaka-fleksibel-mat-mat-grey\/#breadcrumb"},"inLanguage":"sq","potentialAction":[{"@type":"ReadAction","target":["https:\/\/flexdecor.com\/product\/pllaka-fleksibel-mat-mat-grey\/"]}]},{"@type":"ImageObject","inLanguage":"sq","@id":"https:\/\/flexdecor.com\/product\/pllaka-fleksibel-mat-mat-grey\/#primaryimage","url":"https:\/\/flexdecor.com\/wp-content\/uploads\/2024\/02\/GER6076-scaled-e1708474067154.jpg","contentUrl":"https:\/\/flexdecor.com\/wp-content\/uploads\/2024\/02\/GER6076-scaled-e1708474067154.jpg","width":883,"height":883},{"@type":"BreadcrumbList","@id":"https:\/\/flexdecor.com\/product\/pllaka-fleksibel-mat-mat-grey\/#breadcrumb","itemListElement":[{"@type":"ListItem","position":1,"name":"Home","item":"https:\/\/flexdecor.com\/al\/"},{"@type":"ListItem","position":2,"name":"Shop","item":"http:\/\/flexdecor.com\/en\/shop-2\/"},{"@type":"ListItem","position":3,"name":"Mat Flexible Panels | Mat Grey"}]},{"@type":"WebSite","@id":"https:\/\/flexdecor.com\/al\/#website","url":"https:\/\/flexdecor.com\/al\/","name":"FlexDecor","description":"","potentialAction":[{"@type":"SearchAction","target":{"@type":"EntryPoint","urlTemplate":"https:\/\/flexdecor.com\/al\/?s={search_term_string}"},"query-input":{"@type":"PropertyValueSpecification","valueRequired":true,"valueName":"search_term_string"}}],"inLanguage":"sq"}]}},"_links":{"self":[{"href":"http:\/\/flexdecor.com\/al\/wp-json\/wp\/v2\/product\/7409","targetHints":{"allow":["GET"]}}],"collection":[{"href":"http:\/\/flexdecor.com\/al\/wp-json\/wp\/v2\/product"}],"about":[{"href":"http:\/\/flexdecor.com\/al\/wp-json\/wp\/v2\/types\/product"}],"wp:featuredmedia":[{"embeddable":true,"href":"http:\/\/flexdecor.com\/al\/wp-json\/wp\/v2\/media\/7411"}],"wp:attachment":[{"href":"http:\/\/flexdecor.com\/al\/wp-json\/wp\/v2\/media?parent=7409"}],"wp:term":[{"taxonomy":"product_brand","embeddable":true,"href":"http:\/\/flexdecor.com\/al\/wp-json\/wp\/v2\/product_brand?post=7409"},{"taxonomy":"product_cat","embeddable":true,"href":"http:\/\/flexdecor.com\/al\/wp-json\/wp\/v2\/product_cat?post=7409"},{"taxonomy":"product_tag","embeddable":true,"href":"http:\/\/flexdecor.com\/al\/wp-json\/wp\/v2\/product_tag?post=7409"}],"curies":[{"name":"wp","href":"https:\/\/api.w.org\/{rel}","templated":true}]}}