	 {"id":7421,"date":"2024-02-21T00:23:28","date_gmt":"2024-02-21T00:23:28","guid":{"rendered":"https:\/\/flexdecor.com\/?post_type=product&#038;p=7421"},"modified":"2025-12-26T10:51:37","modified_gmt":"2025-12-26T10:51:37","slug":"alumin-black","status":"publish","type":"product","link":"http:\/\/flexdecor.com\/al\/produkt\/alumin-black\/","title":{"rendered":"Alumin | Black"},"content":{"rendered":"","protected":false},"excerpt":{"rendered":"<h3>Pllaka Metalike<\/h3>\n<ul>\n<li>P\u00ebrmas\u00eb 120 x 280 cm<\/li>\n<li>5 mm trash\u00ebsi<\/li>\n<li>Sip\u00ebrfaqe metalike<\/li>\n<li>Kund\u00ebr ujit<\/li>\n<li>Kund\u00ebr g\u00ebrvishtjeve<\/li>\n<li>Kund\u00ebr zjarrit<\/li>\n<li>Kund\u00ebr mykut\/bakterieve<\/li>\n<li>Material ekologjik<\/li>\n<\/ul>\n<p><button class=\"custom-btn\" type=\"button\">B\u00ebj nj\u00eb k\u00ebrkes\u00eb<\/button><\/p>","protected":false},"featured_media":8039,"template":"","meta":[],"product_brand":[],"product_cat":[123,75],"product_tag":[94],"class_list":{"0":"post-7421","1":"product","2":"type-product","3":"status-publish","4":"has-post-thumbnail","6":"product_cat-aluminum","7":"product_cat-pllaka-metalike","8":"product_tag-black","10":"first","11":"instock","12":"shipping-taxable","13":"product-type-simple"},"yoast_head":"<!-- This site is optimized with the Yoast SEO plugin v27.4 - https:\/\/yoast.com\/product\/yoast-seo-wordpress\/ -->\n<title>Aluminum | Black - FlexDecor<\/title>\n<meta name=\"robots\" content=\"index, follow, max-snippet:-1, max-image-preview:large, max-video-preview:-1\" \/>\n<link rel=\"canonical\" href=\"https:\/\/flexdecor.com\/al\/produkt\/alumin-black\/\" \/>\n<meta property=\"og:locale\" content=\"sq_AL\" \/>\n<meta property=\"og:type\" content=\"article\" \/>\n<meta property=\"og:title\" content=\"Aluminum | Black - FlexDecor\" \/>\n<meta property=\"og:description\" content=\"Metal Panels   Dimensions 120 x 280 cm  5 mm thick  Metal surface  Waterproof  Against scratches  Anti-fire  Against mold\/bacteria  Ecological material  Inquiry Now\" \/>\n<meta property=\"og:url\" content=\"https:\/\/flexdecor.com\/al\/produkt\/alumin-black\/\" \/>\n<meta property=\"og:site_name\" content=\"FlexDecor\" \/>\n<meta property=\"article:modified_time\" content=\"2025-12-26T10:51:37+00:00\" \/>\n<meta property=\"og:image\" content=\"https:\/\/flexdecor.com\/wp-content\/uploads\/2024\/02\/black-alumin.jpg\" \/>\n\t<meta property=\"og:image:width\" content=\"1068\" \/>\n\t<meta property=\"og:image:height\" content=\"1886\" \/>\n\t<meta property=\"og:image:type\" content=\"image\/jpeg\" \/>\n<meta name=\"twitter:card\" content=\"summary_large_image\" \/>\n<meta name=\"twitter:label1\" content=\"Est. reading time\" \/>\n\t<meta name=\"twitter:data1\" content=\"1 minut\u00eb\" \/>\n<script type=\"application\/ld+json\" class=\"yoast-schema-graph\">{\"@context\":\"https:\\\/\\\/schema.org\",\"@graph\":[{\"@type\":\"WebPage\",\"@id\":\"https:\\\/\\\/flexdecor.com\\\/product\\\/alumin-black\\\/\",\"url\":\"https:\\\/\\\/flexdecor.com\\\/product\\\/alumin-black\\\/\",\"name\":\"Aluminum | Black - FlexDecor\",\"isPartOf\":{\"@id\":\"https:\\\/\\\/flexdecor.com\\\/al\\\/#website\"},\"primaryImageOfPage\":{\"@id\":\"https:\\\/\\\/flexdecor.com\\\/product\\\/alumin-black\\\/#primaryimage\"},\"image\":{\"@id\":\"https:\\\/\\\/flexdecor.com\\\/product\\\/alumin-black\\\/#primaryimage\"},\"thumbnailUrl\":\"https:\\\/\\\/flexdecor.com\\\/wp-content\\\/uploads\\\/2024\\\/02\\\/black-alumin.jpg\",\"datePublished\":\"2024-02-21T00:23:28+00:00\",\"dateModified\":\"2025-12-26T10:51:37+00:00\",\"breadcrumb\":{\"@id\":\"https:\\\/\\\/flexdecor.com\\\/product\\\/alumin-black\\\/#breadcrumb\"},\"inLanguage\":\"sq\",\"potentialAction\":[{\"@type\":\"ReadAction\",\"target\":[\"https:\\\/\\\/flexdecor.com\\\/product\\\/alumin-black\\\/\"]}]},{\"@type\":\"ImageObject\",\"inLanguage\":\"sq\",\"@id\":\"https:\\\/\\\/flexdecor.com\\\/product\\\/alumin-black\\\/#primaryimage\",\"url\":\"https:\\\/\\\/flexdecor.com\\\/wp-content\\\/uploads\\\/2024\\\/02\\\/black-alumin.jpg\",\"contentUrl\":\"https:\\\/\\\/flexdecor.com\\\/wp-content\\\/uploads\\\/2024\\\/02\\\/black-alumin.jpg\",\"width\":1068,\"height\":1886},{\"@type\":\"BreadcrumbList\",\"@id\":\"https:\\\/\\\/flexdecor.com\\\/product\\\/alumin-black\\\/#breadcrumb\",\"itemListElement\":[{\"@type\":\"ListItem\",\"position\":1,\"name\":\"Home\",\"item\":\"https:\\\/\\\/flexdecor.com\\\/al\\\/\"},{\"@type\":\"ListItem\",\"position\":2,\"name\":\"Shop\",\"item\":\"http:\\\/\\\/flexdecor.com\\\/en\\\/shop-2\\\/\"},{\"@type\":\"ListItem\",\"position\":3,\"name\":\"Aluminum | Black\"}]},{\"@type\":\"WebSite\",\"@id\":\"https:\\\/\\\/flexdecor.com\\\/al\\\/#website\",\"url\":\"https:\\\/\\\/flexdecor.com\\\/al\\\/\",\"name\":\"FlexDecor\",\"description\":\"\",\"potentialAction\":[{\"@type\":\"SearchAction\",\"target\":{\"@type\":\"EntryPoint\",\"urlTemplate\":\"https:\\\/\\\/flexdecor.com\\\/al\\\/?s={search_term_string}\"},\"query-input\":{\"@type\":\"PropertyValueSpecification\",\"valueRequired\":true,\"valueName\":\"search_term_string\"}}],\"inLanguage\":\"sq\"}]}<\/script>\n<!-- \/ Yoast SEO plugin. -->","yoast_head_json":{"title":"Aluminum | Black - FlexDecor","robots":{"index":"index","follow":"follow","max-snippet":"max-snippet:-1","max-image-preview":"max-image-preview:large","max-video-preview":"max-video-preview:-1"},"canonical":"https:\/\/flexdecor.com\/al\/produkt\/alumin-black\/","og_locale":"sq_AL","og_type":"article","og_title":"Aluminum | Black - FlexDecor","og_description":"Metal Panels   Dimensions 120 x 280 cm  5 mm thick  Metal surface  Waterproof  Against scratches  Anti-fire  Against mold\/bacteria  Ecological material  Inquiry Now","og_url":"https:\/\/flexdecor.com\/al\/produkt\/alumin-black\/","og_site_name":"FlexDecor","article_modified_time":"2025-12-26T10:51:37+00:00","og_image":[{"width":1068,"height":1886,"url":"https:\/\/flexdecor.com\/wp-content\/uploads\/2024\/02\/black-alumin.jpg","type":"image\/jpeg"}],"twitter_card":"summary_large_image","twitter_misc":{"Est. reading time":"1 minut\u00eb"},"schema":{"@context":"https:\/\/schema.org","@graph":[{"@type":"WebPage","@id":"https:\/\/flexdecor.com\/product\/alumin-black\/","url":"https:\/\/flexdecor.com\/product\/alumin-black\/","name":"Aluminum | Black - FlexDecor","isPartOf":{"@id":"https:\/\/flexdecor.com\/al\/#website"},"primaryImageOfPage":{"@id":"https:\/\/flexdecor.com\/product\/alumin-black\/#primaryimage"},"image":{"@id":"https:\/\/flexdecor.com\/product\/alumin-black\/#primaryimage"},"thumbnailUrl":"https:\/\/flexdecor.com\/wp-content\/uploads\/2024\/02\/black-alumin.jpg","datePublished":"2024-02-21T00:23:28+00:00","dateModified":"2025-12-26T10:51:37+00:00","breadcrumb":{"@id":"https:\/\/flexdecor.com\/product\/alumin-black\/#breadcrumb"},"inLanguage":"sq","potentialAction":[{"@type":"ReadAction","target":["https:\/\/flexdecor.com\/product\/alumin-black\/"]}]},{"@type":"ImageObject","inLanguage":"sq","@id":"https:\/\/flexdecor.com\/product\/alumin-black\/#primaryimage","url":"https:\/\/flexdecor.com\/wp-content\/uploads\/2024\/02\/black-alumin.jpg","contentUrl":"https:\/\/flexdecor.com\/wp-content\/uploads\/2024\/02\/black-alumin.jpg","width":1068,"height":1886},{"@type":"BreadcrumbList","@id":"https:\/\/flexdecor.com\/product\/alumin-black\/#breadcrumb","itemListElement":[{"@type":"ListItem","position":1,"name":"Home","item":"https:\/\/flexdecor.com\/al\/"},{"@type":"ListItem","position":2,"name":"Shop","item":"http:\/\/flexdecor.com\/en\/shop-2\/"},{"@type":"ListItem","position":3,"name":"Aluminum | Black"}]},{"@type":"WebSite","@id":"https:\/\/flexdecor.com\/al\/#website","url":"https:\/\/flexdecor.com\/al\/","name":"FlexDecor","description":"","potentialAction":[{"@type":"SearchAction","target":{"@type":"EntryPoint","urlTemplate":"https:\/\/flexdecor.com\/al\/?s={search_term_string}"},"query-input":{"@type":"PropertyValueSpecification","valueRequired":true,"valueName":"search_term_string"}}],"inLanguage":"sq"}]}},"_links":{"self":[{"href":"http:\/\/flexdecor.com\/al\/wp-json\/wp\/v2\/product\/7421","targetHints":{"allow":["GET"]}}],"collection":[{"href":"http:\/\/flexdecor.com\/al\/wp-json\/wp\/v2\/product"}],"about":[{"href":"http:\/\/flexdecor.com\/al\/wp-json\/wp\/v2\/types\/product"}],"wp:featuredmedia":[{"embeddable":true,"href":"http:\/\/flexdecor.com\/al\/wp-json\/wp\/v2\/media\/8039"}],"wp:attachment":[{"href":"http:\/\/flexdecor.com\/al\/wp-json\/wp\/v2\/media?parent=7421"}],"wp:term":[{"taxonomy":"product_brand","embeddable":true,"href":"http:\/\/flexdecor.com\/al\/wp-json\/wp\/v2\/product_brand?post=7421"},{"taxonomy":"product_cat","embeddable":true,"href":"http:\/\/flexdecor.com\/al\/wp-json\/wp\/v2\/product_cat?post=7421"},{"taxonomy":"product_tag","embeddable":true,"href":"http:\/\/flexdecor.com\/al\/wp-json\/wp\/v2\/product_tag?post=7421"}],"curies":[{"name":"wp","href":"https:\/\/api.w.org\/{rel}","templated":true}]}}