	 {"id":8707,"date":"2026-05-12T12:16:32","date_gmt":"2026-05-12T12:16:32","guid":{"rendered":"https:\/\/flexdecor.com\/?post_type=product&#038;p=8707"},"modified":"2026-05-12T12:18:59","modified_gmt":"2026-05-12T12:18:59","slug":"panele-3d-bamboo-aw24-032","status":"publish","type":"product","link":"http:\/\/flexdecor.com\/al\/produkt\/panele-3d-bamboo-aw24-032\/","title":{"rendered":"Panele 3D | Bamboo AW24-032"},"content":{"rendered":"","protected":false},"excerpt":{"rendered":"<h3>Outdoor 3D Panels<\/h3>\n<ul>\n<li>P\u00ebrmas\u00eb 16 x 290 cm<\/li>\n<li>Trash\u00ebsi 2.8 cm<\/li>\n<li>Kund\u00ebr ujit<\/li>\n<li>Kund\u00ebr diellit dhe cngjyrosjes<\/li>\n<li>Jet\u00ebgjat\u00ebsi mesatare 20 vite<\/li>\n<\/ul>\n<p><button class=\"custom-btn\" type=\"button\">B\u00ebj nj\u00eb k\u00ebrkes\u00eb<\/button><\/p>","protected":false},"featured_media":8708,"template":"","meta":[],"product_brand":[],"product_cat":[66,112],"product_tag":[],"class_list":{"0":"post-8707","1":"product","2":"type-product","3":"status-publish","4":"has-post-thumbnail","6":"product_cat-panele-3d","7":"product_cat-3d-panels","9":"first","10":"instock","11":"sale","12":"shipping-taxable","13":"product-type-simple"},"yoast_head":"<!-- This site is optimized with the Yoast SEO plugin v27.6 - https:\/\/yoast.com\/product\/yoast-seo-wordpress\/ -->\n<title>Panele 3D | Bamboo AW24-032 - FlexDecor<\/title>\n<meta name=\"robots\" content=\"index, follow, max-snippet:-1, max-image-preview:large, max-video-preview:-1\" \/>\n<link rel=\"canonical\" href=\"https:\/\/flexdecor.com\/al\/produkt\/panele-3d-bamboo-aw24-032\/\" \/>\n<meta property=\"og:locale\" content=\"sq_AL\" \/>\n<meta property=\"og:type\" content=\"article\" \/>\n<meta property=\"og:title\" content=\"Panele 3D | Bamboo AW24-032 - FlexDecor\" \/>\n<meta property=\"og:description\" content=\"Outdoor 3D Panels   Dimensions 16 x 290 cm  Thickness 2.8 cm  Waterproof  Against the sun and discoloration  Average lifespan 20 years  Inquiry Now\" \/>\n<meta property=\"og:url\" content=\"https:\/\/flexdecor.com\/al\/produkt\/panele-3d-bamboo-aw24-032\/\" \/>\n<meta property=\"og:site_name\" content=\"FlexDecor\" \/>\n<meta property=\"article:modified_time\" content=\"2026-05-12T12:18:59+00:00\" \/>\n<meta property=\"og:image\" content=\"https:\/\/flexdecor.com\/wp-content\/uploads\/2026\/05\/DSC06174-HDR-scaled.jpg\" \/>\n\t<meta property=\"og:image:width\" content=\"1707\" \/>\n\t<meta property=\"og:image:height\" content=\"2560\" \/>\n\t<meta property=\"og:image:type\" content=\"image\/jpeg\" \/>\n<meta name=\"twitter:card\" content=\"summary_large_image\" \/>\n<meta name=\"twitter:label1\" content=\"Est. reading time\" \/>\n\t<meta name=\"twitter:data1\" content=\"1 minut\u00eb\" \/>\n<script type=\"application\/ld+json\" class=\"yoast-schema-graph\">{\"@context\":\"https:\\\/\\\/schema.org\",\"@graph\":[{\"@type\":\"WebPage\",\"@id\":\"https:\\\/\\\/flexdecor.com\\\/product\\\/panele-3d-bamboo-aw24-032\\\/\",\"url\":\"https:\\\/\\\/flexdecor.com\\\/product\\\/panele-3d-bamboo-aw24-032\\\/\",\"name\":\"Panele 3D | Bamboo AW24-032 - FlexDecor\",\"isPartOf\":{\"@id\":\"https:\\\/\\\/flexdecor.com\\\/al\\\/#website\"},\"primaryImageOfPage\":{\"@id\":\"https:\\\/\\\/flexdecor.com\\\/product\\\/panele-3d-bamboo-aw24-032\\\/#primaryimage\"},\"image\":{\"@id\":\"https:\\\/\\\/flexdecor.com\\\/product\\\/panele-3d-bamboo-aw24-032\\\/#primaryimage\"},\"thumbnailUrl\":\"https:\\\/\\\/flexdecor.com\\\/wp-content\\\/uploads\\\/2026\\\/05\\\/DSC06174-HDR-scaled.jpg\",\"datePublished\":\"2026-05-12T12:16:32+00:00\",\"dateModified\":\"2026-05-12T12:18:59+00:00\",\"breadcrumb\":{\"@id\":\"https:\\\/\\\/flexdecor.com\\\/product\\\/panele-3d-bamboo-aw24-032\\\/#breadcrumb\"},\"inLanguage\":\"sq\",\"potentialAction\":[{\"@type\":\"ReadAction\",\"target\":[\"https:\\\/\\\/flexdecor.com\\\/product\\\/panele-3d-bamboo-aw24-032\\\/\"]}]},{\"@type\":\"ImageObject\",\"inLanguage\":\"sq\",\"@id\":\"https:\\\/\\\/flexdecor.com\\\/product\\\/panele-3d-bamboo-aw24-032\\\/#primaryimage\",\"url\":\"https:\\\/\\\/flexdecor.com\\\/wp-content\\\/uploads\\\/2026\\\/05\\\/DSC06174-HDR-scaled.jpg\",\"contentUrl\":\"https:\\\/\\\/flexdecor.com\\\/wp-content\\\/uploads\\\/2026\\\/05\\\/DSC06174-HDR-scaled.jpg\",\"width\":1707,\"height\":2560},{\"@type\":\"BreadcrumbList\",\"@id\":\"https:\\\/\\\/flexdecor.com\\\/product\\\/panele-3d-bamboo-aw24-032\\\/#breadcrumb\",\"itemListElement\":[{\"@type\":\"ListItem\",\"position\":1,\"name\":\"Home\",\"item\":\"https:\\\/\\\/flexdecor.com\\\/al\\\/\"},{\"@type\":\"ListItem\",\"position\":2,\"name\":\"Shop\",\"item\":\"http:\\\/\\\/flexdecor.com\\\/en\\\/shop-2\\\/\"},{\"@type\":\"ListItem\",\"position\":3,\"name\":\"Panele 3D | Bamboo AW24-032\"}]},{\"@type\":\"WebSite\",\"@id\":\"https:\\\/\\\/flexdecor.com\\\/al\\\/#website\",\"url\":\"https:\\\/\\\/flexdecor.com\\\/al\\\/\",\"name\":\"FlexDecor\",\"description\":\"\",\"potentialAction\":[{\"@type\":\"SearchAction\",\"target\":{\"@type\":\"EntryPoint\",\"urlTemplate\":\"https:\\\/\\\/flexdecor.com\\\/al\\\/?s={search_term_string}\"},\"query-input\":{\"@type\":\"PropertyValueSpecification\",\"valueRequired\":true,\"valueName\":\"search_term_string\"}}],\"inLanguage\":\"sq\"}]}<\/script>\n<!-- \/ Yoast SEO plugin. -->","yoast_head_json":{"title":"Panele 3D | Bamboo AW24-032 - FlexDecor","robots":{"index":"index","follow":"follow","max-snippet":"max-snippet:-1","max-image-preview":"max-image-preview:large","max-video-preview":"max-video-preview:-1"},"canonical":"https:\/\/flexdecor.com\/al\/produkt\/panele-3d-bamboo-aw24-032\/","og_locale":"sq_AL","og_type":"article","og_title":"Panele 3D | Bamboo AW24-032 - FlexDecor","og_description":"Outdoor 3D Panels   Dimensions 16 x 290 cm  Thickness 2.8 cm  Waterproof  Against the sun and discoloration  Average lifespan 20 years  Inquiry Now","og_url":"https:\/\/flexdecor.com\/al\/produkt\/panele-3d-bamboo-aw24-032\/","og_site_name":"FlexDecor","article_modified_time":"2026-05-12T12:18:59+00:00","og_image":[{"width":1707,"height":2560,"url":"https:\/\/flexdecor.com\/wp-content\/uploads\/2026\/05\/DSC06174-HDR-scaled.jpg","type":"image\/jpeg"}],"twitter_card":"summary_large_image","twitter_misc":{"Est. reading time":"1 minut\u00eb"},"schema":{"@context":"https:\/\/schema.org","@graph":[{"@type":"WebPage","@id":"https:\/\/flexdecor.com\/product\/panele-3d-bamboo-aw24-032\/","url":"https:\/\/flexdecor.com\/product\/panele-3d-bamboo-aw24-032\/","name":"Panele 3D | Bamboo AW24-032 - FlexDecor","isPartOf":{"@id":"https:\/\/flexdecor.com\/al\/#website"},"primaryImageOfPage":{"@id":"https:\/\/flexdecor.com\/product\/panele-3d-bamboo-aw24-032\/#primaryimage"},"image":{"@id":"https:\/\/flexdecor.com\/product\/panele-3d-bamboo-aw24-032\/#primaryimage"},"thumbnailUrl":"https:\/\/flexdecor.com\/wp-content\/uploads\/2026\/05\/DSC06174-HDR-scaled.jpg","datePublished":"2026-05-12T12:16:32+00:00","dateModified":"2026-05-12T12:18:59+00:00","breadcrumb":{"@id":"https:\/\/flexdecor.com\/product\/panele-3d-bamboo-aw24-032\/#breadcrumb"},"inLanguage":"sq","potentialAction":[{"@type":"ReadAction","target":["https:\/\/flexdecor.com\/product\/panele-3d-bamboo-aw24-032\/"]}]},{"@type":"ImageObject","inLanguage":"sq","@id":"https:\/\/flexdecor.com\/product\/panele-3d-bamboo-aw24-032\/#primaryimage","url":"https:\/\/flexdecor.com\/wp-content\/uploads\/2026\/05\/DSC06174-HDR-scaled.jpg","contentUrl":"https:\/\/flexdecor.com\/wp-content\/uploads\/2026\/05\/DSC06174-HDR-scaled.jpg","width":1707,"height":2560},{"@type":"BreadcrumbList","@id":"https:\/\/flexdecor.com\/product\/panele-3d-bamboo-aw24-032\/#breadcrumb","itemListElement":[{"@type":"ListItem","position":1,"name":"Home","item":"https:\/\/flexdecor.com\/al\/"},{"@type":"ListItem","position":2,"name":"Shop","item":"http:\/\/flexdecor.com\/en\/shop-2\/"},{"@type":"ListItem","position":3,"name":"Panele 3D | Bamboo AW24-032"}]},{"@type":"WebSite","@id":"https:\/\/flexdecor.com\/al\/#website","url":"https:\/\/flexdecor.com\/al\/","name":"FlexDecor","description":"","potentialAction":[{"@type":"SearchAction","target":{"@type":"EntryPoint","urlTemplate":"https:\/\/flexdecor.com\/al\/?s={search_term_string}"},"query-input":{"@type":"PropertyValueSpecification","valueRequired":true,"valueName":"search_term_string"}}],"inLanguage":"sq"}]}},"_links":{"self":[{"href":"http:\/\/flexdecor.com\/al\/wp-json\/wp\/v2\/product\/8707","targetHints":{"allow":["GET"]}}],"collection":[{"href":"http:\/\/flexdecor.com\/al\/wp-json\/wp\/v2\/product"}],"about":[{"href":"http:\/\/flexdecor.com\/al\/wp-json\/wp\/v2\/types\/product"}],"wp:featuredmedia":[{"embeddable":true,"href":"http:\/\/flexdecor.com\/al\/wp-json\/wp\/v2\/media\/8708"}],"wp:attachment":[{"href":"http:\/\/flexdecor.com\/al\/wp-json\/wp\/v2\/media?parent=8707"}],"wp:term":[{"taxonomy":"product_brand","embeddable":true,"href":"http:\/\/flexdecor.com\/al\/wp-json\/wp\/v2\/product_brand?post=8707"},{"taxonomy":"product_cat","embeddable":true,"href":"http:\/\/flexdecor.com\/al\/wp-json\/wp\/v2\/product_cat?post=8707"},{"taxonomy":"product_tag","embeddable":true,"href":"http:\/\/flexdecor.com\/al\/wp-json\/wp\/v2\/product_tag?post=8707"}],"curies":[{"name":"wp","href":"https:\/\/api.w.org\/{rel}","templated":true}]}}