	 {"id":8129,"date":"2024-04-04T22:13:41","date_gmt":"2024-04-04T22:13:41","guid":{"rendered":"https:\/\/flexdecor.com\/?page_id=8129"},"modified":"2024-04-04T22:44:14","modified_gmt":"2024-04-04T22:44:14","slug":"contact-us","status":"publish","type":"page","link":"https:\/\/flexdecor.com\/al\/contact-us\/","title":{"rendered":"B\u00ebj nj\u00eb k\u00ebrkes\u00eb"},"content":{"rendered":"<div data-elementor-type=\"wp-page\" data-elementor-id=\"8129\" class=\"elementor elementor-8129\">\n\t\t\t\t<div class=\"elementor-element elementor-element-e3a3cbf e-flex e-con-boxed kitify-col-width-auto-no ignore-docs-style-no kitify-disable-relative-no e-root-container elementor-top-section e-con e-parent\" data-id=\"e3a3cbf\" data-element_type=\"container\" data-e-type=\"container\">\n\t\t\t\t\t<div class=\"e-con-inner\">\n\t\t\t\t<div class=\"elementor-element elementor-element-ea6bbc9 elementor-invisible kitify-has-entrance-animation elementor-widget elementor-widget-heading\" data-id=\"ea6bbc9\" data-element_type=\"widget\" data-e-type=\"widget\" data-settings=\"{&quot;_animation&quot;:&quot;kitifyShortFadeInUp&quot;}\" data-widget_type=\"heading.default\">\n\t\t\t\t<div class=\"elementor-widget-container\">\n\t\t\t\t\t<h2 class=\"elementor-heading-title elementor-size-default\">B\u00ebj nj\u00eb k\u00ebrkes\u00eb<\/h2>\t\t\t\t<\/div>\n\t\t\t\t<\/div>\n\t\t\t\t<div class=\"elementor-element elementor-element-f345646 elementor-invisible kitify-has-entrance-animation elementor-widget elementor-widget-heading\" data-id=\"f345646\" data-element_type=\"widget\" data-e-type=\"widget\" data-settings=\"{&quot;_animation&quot;:&quot;kitifyShortFadeInUp&quot;,&quot;_animation_delay&quot;:400}\" data-widget_type=\"heading.default\">\n\t\t\t\t<div class=\"elementor-widget-container\">\n\t\t\t\t\t<span class=\"elementor-heading-title elementor-size-default\">Ju lutemi shkruani t\u00eb dh\u00ebnat tuaja dhe zgjidhni at\u00eb q\u00eb ju intereson dhe nj\u00eb nga agjent\u00ebt tan\u00eb do t'ju kontaktoj\u00eb p\u00ebr m\u00eb shum\u00eb detaje.<\/span>\t\t\t\t<\/div>\n\t\t\t\t<\/div>\n\t\t\t\t<div class=\"elementor-element elementor-element-4307ada elementor-widget kitify elementor-kitify-contactform7\" data-id=\"4307ada\" data-element_type=\"widget\" data-e-type=\"widget\" data-widget_type=\"kitify-contactform7.default\">\n\t\t\t\t<div class=\"elementor-widget-container\">\n\t\t\t\t\t\n<div class=\"wpcf7 no-js\" id=\"wpcf7-f8128-o1\" lang=\"en-US\" dir=\"ltr\" data-wpcf7-id=\"8128\">\n<div class=\"screen-reader-response\"><p role=\"status\" aria-live=\"polite\" aria-atomic=\"true\"><\/p> <ul><\/ul><\/div>\n<form action=\"\/al\/wp-json\/wp\/v2\/pages\/8129#wpcf7-f8128-o1\" method=\"post\" class=\"wpcf7-form init\" aria-label=\"Contact form\" novalidate=\"novalidate\" data-status=\"init\" data-trp-original-action=\"\/al\/wp-json\/wp\/v2\/pages\/8129#wpcf7-f8128-o1\">\n<fieldset class=\"hidden-fields-container\"><input type=\"hidden\" name=\"_wpcf7\" value=\"8128\" \/><input type=\"hidden\" name=\"_wpcf7_version\" value=\"6.1.5\" \/><input type=\"hidden\" name=\"_wpcf7_locale\" value=\"en_US\" \/><input type=\"hidden\" name=\"_wpcf7_unit_tag\" value=\"wpcf7-f8128-o1\" \/><input type=\"hidden\" name=\"_wpcf7_container_post\" value=\"0\" \/><input type=\"hidden\" name=\"_wpcf7_posted_data_hash\" value=\"\" \/>\n<\/fieldset>\n<p><label>Emer\/Mbiemer<\/label><br \/>\n<span class=\"wpcf7-form-control-wrap\" data-name=\"your-name\"><input size=\"40\" maxlength=\"400\" class=\"wpcf7-form-control wpcf7-text wpcf7-validates-as-required\" autocomplete=\"name\" aria-required=\"true\" aria-invalid=\"false\" value=\"\" type=\"text\" name=\"your-name\" \/><\/span><br \/>\n<label>Numri i telefonit<\/label><br \/>\n<span class=\"wpcf7-form-control-wrap\" data-name=\"tel-408\"><input size=\"40\" maxlength=\"400\" class=\"wpcf7-form-control wpcf7-tel wpcf7-validates-as-required wpcf7-text wpcf7-validates-as-tel\" autocomplete=\"tel\" aria-required=\"true\" aria-invalid=\"false\" value=\"\" type=\"tel\" name=\"tel-408\" \/><\/span><br \/>\n<label>Email<\/label><br \/>\n<span class=\"wpcf7-form-control-wrap\" data-name=\"your-email\"><input size=\"40\" maxlength=\"400\" class=\"wpcf7-form-control wpcf7-email wpcf7-validates-as-required wpcf7-text wpcf7-validates-as-email\" autocomplete=\"email\" aria-required=\"true\" aria-invalid=\"false\" value=\"\" type=\"email\" name=\"your-email\" \/><\/span><br \/>\n<label>Nga cili qytet\/shtet jeni?<\/label><br \/>\n<span class=\"wpcf7-form-control-wrap\" data-name=\"country\"><input size=\"40\" maxlength=\"400\" class=\"wpcf7-form-control wpcf7-text\" autocomplete=\"country\" aria-invalid=\"false\" value=\"\" type=\"text\" name=\"country\" \/><\/span><br \/>\n<label>P\u00ebr cfare jeni t\u00eb interesuar?<\/label><br \/>\n<span class=\"wpcf7-form-control-wrap\" data-name=\"checkbox-192\"><span class=\"wpcf7-form-control wpcf7-checkbox wpcf7-validates-as-required\"><span class=\"wpcf7-list-item first\"><label><input type=\"checkbox\" name=\"checkbox-192[]\" value=\"3D Panels\" \/><span class=\"wpcf7-list-item-label\">Panele 3D<\/span><\/label><\/span><span class=\"wpcf7-list-item\"><label><input type=\"checkbox\" name=\"checkbox-192[]\" value=\"Accessories\" \/><span class=\"wpcf7-list-item-label\">Aksesor\u00eb<\/span><\/label><\/span><span class=\"wpcf7-list-item\"><label><input type=\"checkbox\" name=\"checkbox-192[]\" value=\"Flexible Panels\" \/><span class=\"wpcf7-list-item-label\">Pllaka Fleksib\u00ebl<\/span><\/label><\/span><span class=\"wpcf7-list-item\"><label><input type=\"checkbox\" name=\"checkbox-192[]\" value=\"Metal Panels\" \/><span class=\"wpcf7-list-item-label\">Pllaka Metalike<\/span><\/label><\/span><span class=\"wpcf7-list-item\"><label><input type=\"checkbox\" name=\"checkbox-192[]\" value=\"Outdoor\" \/><span class=\"wpcf7-list-item-label\">Outdoor<\/span><\/label><\/span><span class=\"wpcf7-list-item\"><label><input type=\"checkbox\" name=\"checkbox-192[]\" value=\"SPC Vinyl Parquet\" \/><span class=\"wpcf7-list-item-label\">Parket SPC Vinyl<\/span><\/label><\/span><span class=\"wpcf7-list-item last\"><label><input type=\"checkbox\" name=\"checkbox-192[]\" value=\"Stone Panels\" \/><span class=\"wpcf7-list-item-label\">Panele Guri<\/span><\/label><\/span><\/span><\/span><br \/>\n<label>Mesazhi juaj (opsionale)<\/label><br \/>\n<span class=\"wpcf7-form-control-wrap\" data-name=\"your-message\"><textarea cols=\"40\" rows=\"10\" maxlength=\"2000\" class=\"wpcf7-form-control wpcf7-textarea\" aria-invalid=\"false\" name=\"your-message\"><\/textarea><\/span><br \/>\n<input class=\"wpcf7-form-control wpcf7-submit has-spinner\" type=\"submit\" value=\"D\u00ebrgo\" \/>\n<\/p><div class=\"wpcf7-response-output\" aria-hidden=\"true\"><\/div>\n<input type=\"hidden\" name=\"trp-form-language\" value=\"al\"\/><\/form>\n<\/div>\n\t\t\t\t<\/div>\n\t\t\t\t<\/div>\n\t\t\t\t\t<\/div>\n\t\t\t\t<\/div>\n\t\t\t\t<\/div>","protected":false},"excerpt":{"rendered":"<p>Inquiry Now Please enter your information and select what you are interested in, and one of our agents will contact you for more details. Full Name Phone Number Email Where are you from? What are you interested in? 3D PanelsAccessoriesFlexible PanelsMetal PanelsOutdoorSPC Vinyl ParquetStone Panels Your message (optional)<\/p>","protected":false},"author":1,"featured_media":0,"parent":0,"menu_order":0,"comment_status":"closed","ping_status":"closed","template":"","meta":{"footnotes":""},"class_list":["post-8129","page","type-page","status-publish","hentry"],"yoast_head":"<!-- This site is optimized with the Yoast SEO plugin v27.4 - https:\/\/yoast.com\/product\/yoast-seo-wordpress\/ -->\n<title>Inquiry Now - FlexDecor<\/title>\n<meta name=\"robots\" content=\"index, follow, max-snippet:-1, max-image-preview:large, max-video-preview:-1\" \/>\n<link rel=\"canonical\" href=\"http:\/\/flexdecor.com\/al\/contact-us\/\" \/>\n<meta property=\"og:locale\" content=\"sq_AL\" \/>\n<meta property=\"og:type\" content=\"article\" \/>\n<meta property=\"og:title\" content=\"Inquiry Now - FlexDecor\" \/>\n<meta property=\"og:description\" content=\"Inquiry Now Please enter your information and select what you are interested in, and one of our agents will contact you for more details. Full Name Phone Number Email Where are you from? What are you interested in? 3D PanelsAccessoriesFlexible PanelsMetal PanelsOutdoorSPC Vinyl ParquetStone Panels Your message (optional)\" \/>\n<meta property=\"og:url\" content=\"http:\/\/flexdecor.com\/al\/contact-us\/\" \/>\n<meta property=\"og:site_name\" content=\"FlexDecor\" \/>\n<meta property=\"article:modified_time\" content=\"2024-04-04T22:44:14+00:00\" \/>\n<meta name=\"twitter:card\" content=\"summary_large_image\" \/>\n<script type=\"application\/ld+json\" class=\"yoast-schema-graph\">{\"@context\":\"https:\\\/\\\/schema.org\",\"@graph\":[{\"@type\":\"WebPage\",\"@id\":\"http:\\\/\\\/flexdecor.com\\\/al\\\/contact-us\\\/\",\"url\":\"http:\\\/\\\/flexdecor.com\\\/al\\\/contact-us\\\/\",\"name\":\"Inquiry Now - FlexDecor\",\"isPartOf\":{\"@id\":\"https:\\\/\\\/flexdecor.com\\\/al\\\/#website\"},\"datePublished\":\"2024-04-04T22:13:41+00:00\",\"dateModified\":\"2024-04-04T22:44:14+00:00\",\"breadcrumb\":{\"@id\":\"http:\\\/\\\/flexdecor.com\\\/al\\\/contact-us\\\/#breadcrumb\"},\"inLanguage\":\"sq\",\"potentialAction\":[{\"@type\":\"ReadAction\",\"target\":[\"http:\\\/\\\/flexdecor.com\\\/al\\\/contact-us\\\/\"]}]},{\"@type\":\"BreadcrumbList\",\"@id\":\"http:\\\/\\\/flexdecor.com\\\/al\\\/contact-us\\\/#breadcrumb\",\"itemListElement\":[{\"@type\":\"ListItem\",\"position\":1,\"name\":\"Home\",\"item\":\"https:\\\/\\\/flexdecor.com\\\/al\\\/\"},{\"@type\":\"ListItem\",\"position\":2,\"name\":\"Inquiry Now\"}]},{\"@type\":\"WebSite\",\"@id\":\"https:\\\/\\\/flexdecor.com\\\/al\\\/#website\",\"url\":\"https:\\\/\\\/flexdecor.com\\\/al\\\/\",\"name\":\"FlexDecor\",\"description\":\"\",\"potentialAction\":[{\"@type\":\"SearchAction\",\"target\":{\"@type\":\"EntryPoint\",\"urlTemplate\":\"https:\\\/\\\/flexdecor.com\\\/al\\\/?s={search_term_string}\"},\"query-input\":{\"@type\":\"PropertyValueSpecification\",\"valueRequired\":true,\"valueName\":\"search_term_string\"}}],\"inLanguage\":\"sq\"}]}<\/script>\n<!-- \/ Yoast SEO plugin. -->","yoast_head_json":{"title":"Inquiry Now - FlexDecor","robots":{"index":"index","follow":"follow","max-snippet":"max-snippet:-1","max-image-preview":"max-image-preview:large","max-video-preview":"max-video-preview:-1"},"canonical":"http:\/\/flexdecor.com\/al\/contact-us\/","og_locale":"sq_AL","og_type":"article","og_title":"Inquiry Now - FlexDecor","og_description":"Inquiry Now Please enter your information and select what you are interested in, and one of our agents will contact you for more details. Full Name Phone Number Email Where are you from? What are you interested in? 3D PanelsAccessoriesFlexible PanelsMetal PanelsOutdoorSPC Vinyl ParquetStone Panels Your message (optional)","og_url":"http:\/\/flexdecor.com\/al\/contact-us\/","og_site_name":"FlexDecor","article_modified_time":"2024-04-04T22:44:14+00:00","twitter_card":"summary_large_image","schema":{"@context":"https:\/\/schema.org","@graph":[{"@type":"WebPage","@id":"http:\/\/flexdecor.com\/al\/contact-us\/","url":"http:\/\/flexdecor.com\/al\/contact-us\/","name":"Inquiry Now - FlexDecor","isPartOf":{"@id":"https:\/\/flexdecor.com\/al\/#website"},"datePublished":"2024-04-04T22:13:41+00:00","dateModified":"2024-04-04T22:44:14+00:00","breadcrumb":{"@id":"http:\/\/flexdecor.com\/al\/contact-us\/#breadcrumb"},"inLanguage":"sq","potentialAction":[{"@type":"ReadAction","target":["http:\/\/flexdecor.com\/al\/contact-us\/"]}]},{"@type":"BreadcrumbList","@id":"http:\/\/flexdecor.com\/al\/contact-us\/#breadcrumb","itemListElement":[{"@type":"ListItem","position":1,"name":"Home","item":"https:\/\/flexdecor.com\/al\/"},{"@type":"ListItem","position":2,"name":"Inquiry Now"}]},{"@type":"WebSite","@id":"https:\/\/flexdecor.com\/al\/#website","url":"https:\/\/flexdecor.com\/al\/","name":"FlexDecor","description":"","potentialAction":[{"@type":"SearchAction","target":{"@type":"EntryPoint","urlTemplate":"https:\/\/flexdecor.com\/al\/?s={search_term_string}"},"query-input":{"@type":"PropertyValueSpecification","valueRequired":true,"valueName":"search_term_string"}}],"inLanguage":"sq"}]}},"_links":{"self":[{"href":"https:\/\/flexdecor.com\/al\/wp-json\/wp\/v2\/pages\/8129","targetHints":{"allow":["GET"]}}],"collection":[{"href":"https:\/\/flexdecor.com\/al\/wp-json\/wp\/v2\/pages"}],"about":[{"href":"https:\/\/flexdecor.com\/al\/wp-json\/wp\/v2\/types\/page"}],"author":[{"embeddable":true,"href":"https:\/\/flexdecor.com\/al\/wp-json\/wp\/v2\/users\/1"}],"replies":[{"embeddable":true,"href":"https:\/\/flexdecor.com\/al\/wp-json\/wp\/v2\/comments?post=8129"}],"version-history":[{"count":13,"href":"https:\/\/flexdecor.com\/al\/wp-json\/wp\/v2\/pages\/8129\/revisions"}],"predecessor-version":[{"id":8143,"href":"https:\/\/flexdecor.com\/al\/wp-json\/wp\/v2\/pages\/8129\/revisions\/8143"}],"wp:attachment":[{"href":"https:\/\/flexdecor.com\/al\/wp-json\/wp\/v2\/media?parent=8129"}],"curies":[{"name":"wp","href":"https:\/\/api.w.org\/{rel}","templated":true}]}}