	 {"id":7298,"date":"2024-02-20T00:07:38","date_gmt":"2024-02-20T00:07:38","guid":{"rendered":"https:\/\/flexdecor.com\/?post_type=product&#038;p=7298"},"modified":"2025-12-26T12:12:44","modified_gmt":"2025-12-26T12:12:44","slug":"panele-3d-aw-119-black","status":"publish","type":"product","link":"https:\/\/flexdecor.com\/al\/produkt\/panele-3d-aw-119-black\/","title":{"rendered":"Panele 3D | AW \u2013 119 Black"},"content":{"rendered":"","protected":false},"excerpt":{"rendered":"<h3>Panele 3D<\/h3>\n<ul>\n<li>Kund\u00ebr ujit<\/li>\n<li>Kund\u00ebr zjarrit<\/li>\n<li>Kund\u00ebr bakterieve<\/li>\n<li>Leht\u00ebsisht t\u00eb montueshme<\/li>\n<li>Bashkim i paduksh\u00ebm n\u00eb montim (montim A+B)<\/li>\n<li>Kund\u00ebr mykut<\/li>\n<li>Material ekologjik<\/li>\n<\/ul>\n<p><img decoding=\"async\" class=\"alignnone wp-image-7992 size-medium\" src=\"https:\/\/flexdecor.com\/wp-content\/uploads\/2024\/03\/Asset-1-e1711061263648-300x69.png\" alt=\"\" width=\"300\" height=\"69\" srcset=\"https:\/\/flexdecor.com\/wp-content\/uploads\/2024\/03\/Asset-1-e1711061263648-300x69.png 300w, https:\/\/flexdecor.com\/wp-content\/uploads\/2024\/03\/Asset-1-e1711061263648-700x161.png 700w, https:\/\/flexdecor.com\/wp-content\/uploads\/2024\/03\/Asset-1-e1711061263648.png 704w\" sizes=\"(max-width: 300px) 100vw, 300px\" \/><br \/>\n<button class=\"custom-btn\" type=\"button\">B\u00ebj nj\u00eb k\u00ebrkes\u00eb<\/button><\/p>","protected":false},"featured_media":7686,"template":"","meta":[],"product_brand":[],"product_cat":[66,112],"product_tag":[94],"class_list":{"0":"post-7298","1":"product","2":"type-product","3":"status-publish","4":"has-post-thumbnail","6":"product_cat-panele-3d","7":"product_cat-3d-panels","8":"product_tag-black","10":"first","11":"instock","12":"shipping-taxable","13":"product-type-simple"},"yoast_head":"<!-- This site is optimized with the Yoast SEO plugin v27.4 - https:\/\/yoast.com\/product\/yoast-seo-wordpress\/ -->\n<title>3D Panels | AW - 119 Black - FlexDecor<\/title>\n<meta name=\"robots\" content=\"index, follow, max-snippet:-1, max-image-preview:large, max-video-preview:-1\" \/>\n<link rel=\"canonical\" href=\"https:\/\/flexdecor.com\/al\/produkt\/panele-3d-aw-119-black\/\" \/>\n<meta property=\"og:locale\" content=\"sq_AL\" \/>\n<meta property=\"og:type\" content=\"article\" \/>\n<meta property=\"og:title\" content=\"3D Panels | AW - 119 Black - FlexDecor\" \/>\n<meta property=\"og:description\" content=\"3D Panels   Waterproof  Anti-fire  Against bacteria  Easily assembled  Invisible joint in assembly (A+B assembly)  Against mold  Ecological material   Inquiry Now\" \/>\n<meta property=\"og:url\" content=\"https:\/\/flexdecor.com\/al\/produkt\/panele-3d-aw-119-black\/\" \/>\n<meta property=\"og:site_name\" content=\"FlexDecor\" \/>\n<meta property=\"article:modified_time\" content=\"2025-12-26T12:12:44+00:00\" \/>\n<meta property=\"og:image\" content=\"https:\/\/flexdecor.com\/wp-content\/uploads\/2024\/02\/DSC06900-Edit-scaled.jpg\" \/>\n\t<meta property=\"og:image:width\" content=\"2560\" \/>\n\t<meta property=\"og:image:height\" content=\"2048\" \/>\n\t<meta property=\"og:image:type\" content=\"image\/jpeg\" \/>\n<meta name=\"twitter:card\" content=\"summary_large_image\" \/>\n<meta name=\"twitter:label1\" content=\"Est. reading time\" \/>\n\t<meta name=\"twitter:data1\" content=\"1 minut\u00eb\" \/>\n<script type=\"application\/ld+json\" class=\"yoast-schema-graph\">{\"@context\":\"https:\\\/\\\/schema.org\",\"@graph\":[{\"@type\":\"WebPage\",\"@id\":\"https:\\\/\\\/flexdecor.com\\\/product\\\/panele-3d-aw-119-black\\\/\",\"url\":\"https:\\\/\\\/flexdecor.com\\\/product\\\/panele-3d-aw-119-black\\\/\",\"name\":\"3D Panels | AW - 119 Black - FlexDecor\",\"isPartOf\":{\"@id\":\"https:\\\/\\\/flexdecor.com\\\/al\\\/#website\"},\"primaryImageOfPage\":{\"@id\":\"https:\\\/\\\/flexdecor.com\\\/product\\\/panele-3d-aw-119-black\\\/#primaryimage\"},\"image\":{\"@id\":\"https:\\\/\\\/flexdecor.com\\\/product\\\/panele-3d-aw-119-black\\\/#primaryimage\"},\"thumbnailUrl\":\"https:\\\/\\\/flexdecor.com\\\/wp-content\\\/uploads\\\/2024\\\/02\\\/DSC06900-Edit-scaled.jpg\",\"datePublished\":\"2024-02-20T00:07:38+00:00\",\"dateModified\":\"2025-12-26T12:12:44+00:00\",\"breadcrumb\":{\"@id\":\"https:\\\/\\\/flexdecor.com\\\/product\\\/panele-3d-aw-119-black\\\/#breadcrumb\"},\"inLanguage\":\"sq\",\"potentialAction\":[{\"@type\":\"ReadAction\",\"target\":[\"https:\\\/\\\/flexdecor.com\\\/product\\\/panele-3d-aw-119-black\\\/\"]}]},{\"@type\":\"ImageObject\",\"inLanguage\":\"sq\",\"@id\":\"https:\\\/\\\/flexdecor.com\\\/product\\\/panele-3d-aw-119-black\\\/#primaryimage\",\"url\":\"https:\\\/\\\/flexdecor.com\\\/wp-content\\\/uploads\\\/2024\\\/02\\\/DSC06900-Edit-scaled.jpg\",\"contentUrl\":\"https:\\\/\\\/flexdecor.com\\\/wp-content\\\/uploads\\\/2024\\\/02\\\/DSC06900-Edit-scaled.jpg\",\"width\":2560,\"height\":2048},{\"@type\":\"BreadcrumbList\",\"@id\":\"https:\\\/\\\/flexdecor.com\\\/product\\\/panele-3d-aw-119-black\\\/#breadcrumb\",\"itemListElement\":[{\"@type\":\"ListItem\",\"position\":1,\"name\":\"Home\",\"item\":\"https:\\\/\\\/flexdecor.com\\\/al\\\/\"},{\"@type\":\"ListItem\",\"position\":2,\"name\":\"Shop\",\"item\":\"http:\\\/\\\/flexdecor.com\\\/en\\\/shop-2\\\/\"},{\"@type\":\"ListItem\",\"position\":3,\"name\":\"3D Panels | AW &#8211; 119 Black\"}]},{\"@type\":\"WebSite\",\"@id\":\"https:\\\/\\\/flexdecor.com\\\/al\\\/#website\",\"url\":\"https:\\\/\\\/flexdecor.com\\\/al\\\/\",\"name\":\"FlexDecor\",\"description\":\"\",\"potentialAction\":[{\"@type\":\"SearchAction\",\"target\":{\"@type\":\"EntryPoint\",\"urlTemplate\":\"https:\\\/\\\/flexdecor.com\\\/al\\\/?s={search_term_string}\"},\"query-input\":{\"@type\":\"PropertyValueSpecification\",\"valueRequired\":true,\"valueName\":\"search_term_string\"}}],\"inLanguage\":\"sq\"}]}<\/script>\n<!-- \/ Yoast SEO plugin. -->","yoast_head_json":{"title":"3D Panels | AW - 119 Black - FlexDecor","robots":{"index":"index","follow":"follow","max-snippet":"max-snippet:-1","max-image-preview":"max-image-preview:large","max-video-preview":"max-video-preview:-1"},"canonical":"https:\/\/flexdecor.com\/al\/produkt\/panele-3d-aw-119-black\/","og_locale":"sq_AL","og_type":"article","og_title":"3D Panels | AW - 119 Black - FlexDecor","og_description":"3D Panels   Waterproof  Anti-fire  Against bacteria  Easily assembled  Invisible joint in assembly (A+B assembly)  Against mold  Ecological material   Inquiry Now","og_url":"https:\/\/flexdecor.com\/al\/produkt\/panele-3d-aw-119-black\/","og_site_name":"FlexDecor","article_modified_time":"2025-12-26T12:12:44+00:00","og_image":[{"width":2560,"height":2048,"url":"https:\/\/flexdecor.com\/wp-content\/uploads\/2024\/02\/DSC06900-Edit-scaled.jpg","type":"image\/jpeg"}],"twitter_card":"summary_large_image","twitter_misc":{"Est. reading time":"1 minut\u00eb"},"schema":{"@context":"https:\/\/schema.org","@graph":[{"@type":"WebPage","@id":"https:\/\/flexdecor.com\/product\/panele-3d-aw-119-black\/","url":"https:\/\/flexdecor.com\/product\/panele-3d-aw-119-black\/","name":"3D Panels | AW - 119 Black - FlexDecor","isPartOf":{"@id":"https:\/\/flexdecor.com\/al\/#website"},"primaryImageOfPage":{"@id":"https:\/\/flexdecor.com\/product\/panele-3d-aw-119-black\/#primaryimage"},"image":{"@id":"https:\/\/flexdecor.com\/product\/panele-3d-aw-119-black\/#primaryimage"},"thumbnailUrl":"https:\/\/flexdecor.com\/wp-content\/uploads\/2024\/02\/DSC06900-Edit-scaled.jpg","datePublished":"2024-02-20T00:07:38+00:00","dateModified":"2025-12-26T12:12:44+00:00","breadcrumb":{"@id":"https:\/\/flexdecor.com\/product\/panele-3d-aw-119-black\/#breadcrumb"},"inLanguage":"sq","potentialAction":[{"@type":"ReadAction","target":["https:\/\/flexdecor.com\/product\/panele-3d-aw-119-black\/"]}]},{"@type":"ImageObject","inLanguage":"sq","@id":"https:\/\/flexdecor.com\/product\/panele-3d-aw-119-black\/#primaryimage","url":"https:\/\/flexdecor.com\/wp-content\/uploads\/2024\/02\/DSC06900-Edit-scaled.jpg","contentUrl":"https:\/\/flexdecor.com\/wp-content\/uploads\/2024\/02\/DSC06900-Edit-scaled.jpg","width":2560,"height":2048},{"@type":"BreadcrumbList","@id":"https:\/\/flexdecor.com\/product\/panele-3d-aw-119-black\/#breadcrumb","itemListElement":[{"@type":"ListItem","position":1,"name":"Home","item":"https:\/\/flexdecor.com\/al\/"},{"@type":"ListItem","position":2,"name":"Shop","item":"http:\/\/flexdecor.com\/en\/shop-2\/"},{"@type":"ListItem","position":3,"name":"3D Panels | AW &#8211; 119 Black"}]},{"@type":"WebSite","@id":"https:\/\/flexdecor.com\/al\/#website","url":"https:\/\/flexdecor.com\/al\/","name":"FlexDecor","description":"","potentialAction":[{"@type":"SearchAction","target":{"@type":"EntryPoint","urlTemplate":"https:\/\/flexdecor.com\/al\/?s={search_term_string}"},"query-input":{"@type":"PropertyValueSpecification","valueRequired":true,"valueName":"search_term_string"}}],"inLanguage":"sq"}]}},"_links":{"self":[{"href":"https:\/\/flexdecor.com\/al\/wp-json\/wp\/v2\/product\/7298","targetHints":{"allow":["GET"]}}],"collection":[{"href":"https:\/\/flexdecor.com\/al\/wp-json\/wp\/v2\/product"}],"about":[{"href":"https:\/\/flexdecor.com\/al\/wp-json\/wp\/v2\/types\/product"}],"wp:featuredmedia":[{"embeddable":true,"href":"https:\/\/flexdecor.com\/al\/wp-json\/wp\/v2\/media\/7686"}],"wp:attachment":[{"href":"https:\/\/flexdecor.com\/al\/wp-json\/wp\/v2\/media?parent=7298"}],"wp:term":[{"taxonomy":"product_brand","embeddable":true,"href":"https:\/\/flexdecor.com\/al\/wp-json\/wp\/v2\/product_brand?post=7298"},{"taxonomy":"product_cat","embeddable":true,"href":"https:\/\/flexdecor.com\/al\/wp-json\/wp\/v2\/product_cat?post=7298"},{"taxonomy":"product_tag","embeddable":true,"href":"https:\/\/flexdecor.com\/al\/wp-json\/wp\/v2\/product_tag?post=7298"}],"curies":[{"name":"wp","href":"https:\/\/api.w.org\/{rel}","templated":true}]}}