	 {"id":7504,"date":"2024-02-21T01:06:36","date_gmt":"2024-02-21T01:06:36","guid":{"rendered":"https:\/\/flexdecor.com\/?post_type=product&#038;p=7504"},"modified":"2025-12-26T10:37:17","modified_gmt":"2025-12-26T10:37:17","slug":"panele-3d-dark-grey","status":"publish","type":"product","link":"https:\/\/flexdecor.com\/al\/produkt\/panele-3d-dark-grey\/","title":{"rendered":"Panele 3D | Dark Grey"},"content":{"rendered":"","protected":false},"excerpt":{"rendered":"<h3>Outdoor 3D Panels<\/h3>\n<ul>\n<li>P\u00ebrmas\u00eb 16 x 290 cm<\/li>\n<li>Trash\u00ebsi 2.8 cm<\/li>\n<li>Kund\u00ebr ujit<\/li>\n<li>Kund\u00ebr diellit dhe cngjyrosjes<\/li>\n<li>Jet\u00ebgjat\u00ebsi mesatare 20 vite<\/li>\n<\/ul>\n<p><button class=\"custom-btn\" type=\"button\">B\u00ebj nj\u00eb k\u00ebrkes\u00eb<\/button><\/p>","protected":false},"featured_media":7703,"template":"","meta":[],"product_brand":[],"product_cat":[125,85],"product_tag":[110],"class_list":{"0":"post-7504","1":"product","2":"type-product","3":"status-publish","4":"has-post-thumbnail","6":"product_cat-3d-panels-outdoor","7":"product_cat-outdoor","8":"product_tag-dark-grey","10":"first","11":"instock","12":"shipping-taxable","13":"product-type-simple"},"yoast_head":"<!-- This site is optimized with the Yoast SEO plugin v27.4 - https:\/\/yoast.com\/product\/yoast-seo-wordpress\/ -->\n<title>3D Panels | Dark Grey - FlexDecor<\/title>\n<meta name=\"robots\" content=\"index, follow, max-snippet:-1, max-image-preview:large, max-video-preview:-1\" \/>\n<link rel=\"canonical\" href=\"https:\/\/flexdecor.com\/al\/produkt\/panele-3d-dark-grey\/\" \/>\n<meta property=\"og:locale\" content=\"sq_AL\" \/>\n<meta property=\"og:type\" content=\"article\" \/>\n<meta property=\"og:title\" content=\"3D Panels | Dark Grey - FlexDecor\" \/>\n<meta property=\"og:description\" content=\"Outdoor 3D Panels   Dimensions 16 x 290 cm  Thickness 2.8 cm  Waterproof  Against the sun and discoloration  Average lifespan 20 years  Inquiry Now\" \/>\n<meta property=\"og:url\" content=\"https:\/\/flexdecor.com\/al\/produkt\/panele-3d-dark-grey\/\" \/>\n<meta property=\"og:site_name\" content=\"FlexDecor\" \/>\n<meta property=\"article:modified_time\" content=\"2025-12-26T10:37:17+00:00\" \/>\n<meta property=\"og:image\" content=\"https:\/\/flexdecor.com\/wp-content\/uploads\/2024\/02\/DSC06910-Edit-scaled.jpg\" \/>\n\t<meta property=\"og:image:width\" content=\"2560\" \/>\n\t<meta property=\"og:image:height\" content=\"2048\" \/>\n\t<meta property=\"og:image:type\" content=\"image\/jpeg\" \/>\n<meta name=\"twitter:card\" content=\"summary_large_image\" \/>\n<meta name=\"twitter:label1\" content=\"Est. reading time\" \/>\n\t<meta name=\"twitter:data1\" content=\"1 minut\u00eb\" \/>\n<script type=\"application\/ld+json\" class=\"yoast-schema-graph\">{\"@context\":\"https:\\\/\\\/schema.org\",\"@graph\":[{\"@type\":\"WebPage\",\"@id\":\"https:\\\/\\\/flexdecor.com\\\/product\\\/panele-3d-dark-grey\\\/\",\"url\":\"https:\\\/\\\/flexdecor.com\\\/product\\\/panele-3d-dark-grey\\\/\",\"name\":\"3D Panels | Dark Grey - FlexDecor\",\"isPartOf\":{\"@id\":\"https:\\\/\\\/flexdecor.com\\\/al\\\/#website\"},\"primaryImageOfPage\":{\"@id\":\"https:\\\/\\\/flexdecor.com\\\/product\\\/panele-3d-dark-grey\\\/#primaryimage\"},\"image\":{\"@id\":\"https:\\\/\\\/flexdecor.com\\\/product\\\/panele-3d-dark-grey\\\/#primaryimage\"},\"thumbnailUrl\":\"https:\\\/\\\/flexdecor.com\\\/wp-content\\\/uploads\\\/2024\\\/02\\\/DSC06910-Edit-scaled.jpg\",\"datePublished\":\"2024-02-21T01:06:36+00:00\",\"dateModified\":\"2025-12-26T10:37:17+00:00\",\"breadcrumb\":{\"@id\":\"https:\\\/\\\/flexdecor.com\\\/product\\\/panele-3d-dark-grey\\\/#breadcrumb\"},\"inLanguage\":\"sq\",\"potentialAction\":[{\"@type\":\"ReadAction\",\"target\":[\"https:\\\/\\\/flexdecor.com\\\/product\\\/panele-3d-dark-grey\\\/\"]}]},{\"@type\":\"ImageObject\",\"inLanguage\":\"sq\",\"@id\":\"https:\\\/\\\/flexdecor.com\\\/product\\\/panele-3d-dark-grey\\\/#primaryimage\",\"url\":\"https:\\\/\\\/flexdecor.com\\\/wp-content\\\/uploads\\\/2024\\\/02\\\/DSC06910-Edit-scaled.jpg\",\"contentUrl\":\"https:\\\/\\\/flexdecor.com\\\/wp-content\\\/uploads\\\/2024\\\/02\\\/DSC06910-Edit-scaled.jpg\",\"width\":2560,\"height\":2048},{\"@type\":\"BreadcrumbList\",\"@id\":\"https:\\\/\\\/flexdecor.com\\\/product\\\/panele-3d-dark-grey\\\/#breadcrumb\",\"itemListElement\":[{\"@type\":\"ListItem\",\"position\":1,\"name\":\"Home\",\"item\":\"https:\\\/\\\/flexdecor.com\\\/al\\\/\"},{\"@type\":\"ListItem\",\"position\":2,\"name\":\"Shop\",\"item\":\"http:\\\/\\\/flexdecor.com\\\/en\\\/shop-2\\\/\"},{\"@type\":\"ListItem\",\"position\":3,\"name\":\"3D Panels | Dark Grey\"}]},{\"@type\":\"WebSite\",\"@id\":\"https:\\\/\\\/flexdecor.com\\\/al\\\/#website\",\"url\":\"https:\\\/\\\/flexdecor.com\\\/al\\\/\",\"name\":\"FlexDecor\",\"description\":\"\",\"potentialAction\":[{\"@type\":\"SearchAction\",\"target\":{\"@type\":\"EntryPoint\",\"urlTemplate\":\"https:\\\/\\\/flexdecor.com\\\/al\\\/?s={search_term_string}\"},\"query-input\":{\"@type\":\"PropertyValueSpecification\",\"valueRequired\":true,\"valueName\":\"search_term_string\"}}],\"inLanguage\":\"sq\"}]}<\/script>\n<!-- \/ Yoast SEO plugin. -->","yoast_head_json":{"title":"3D Panels | Dark Grey - FlexDecor","robots":{"index":"index","follow":"follow","max-snippet":"max-snippet:-1","max-image-preview":"max-image-preview:large","max-video-preview":"max-video-preview:-1"},"canonical":"https:\/\/flexdecor.com\/al\/produkt\/panele-3d-dark-grey\/","og_locale":"sq_AL","og_type":"article","og_title":"3D Panels | Dark Grey - FlexDecor","og_description":"Outdoor 3D Panels   Dimensions 16 x 290 cm  Thickness 2.8 cm  Waterproof  Against the sun and discoloration  Average lifespan 20 years  Inquiry Now","og_url":"https:\/\/flexdecor.com\/al\/produkt\/panele-3d-dark-grey\/","og_site_name":"FlexDecor","article_modified_time":"2025-12-26T10:37:17+00:00","og_image":[{"width":2560,"height":2048,"url":"https:\/\/flexdecor.com\/wp-content\/uploads\/2024\/02\/DSC06910-Edit-scaled.jpg","type":"image\/jpeg"}],"twitter_card":"summary_large_image","twitter_misc":{"Est. reading time":"1 minut\u00eb"},"schema":{"@context":"https:\/\/schema.org","@graph":[{"@type":"WebPage","@id":"https:\/\/flexdecor.com\/product\/panele-3d-dark-grey\/","url":"https:\/\/flexdecor.com\/product\/panele-3d-dark-grey\/","name":"3D Panels | Dark Grey - FlexDecor","isPartOf":{"@id":"https:\/\/flexdecor.com\/al\/#website"},"primaryImageOfPage":{"@id":"https:\/\/flexdecor.com\/product\/panele-3d-dark-grey\/#primaryimage"},"image":{"@id":"https:\/\/flexdecor.com\/product\/panele-3d-dark-grey\/#primaryimage"},"thumbnailUrl":"https:\/\/flexdecor.com\/wp-content\/uploads\/2024\/02\/DSC06910-Edit-scaled.jpg","datePublished":"2024-02-21T01:06:36+00:00","dateModified":"2025-12-26T10:37:17+00:00","breadcrumb":{"@id":"https:\/\/flexdecor.com\/product\/panele-3d-dark-grey\/#breadcrumb"},"inLanguage":"sq","potentialAction":[{"@type":"ReadAction","target":["https:\/\/flexdecor.com\/product\/panele-3d-dark-grey\/"]}]},{"@type":"ImageObject","inLanguage":"sq","@id":"https:\/\/flexdecor.com\/product\/panele-3d-dark-grey\/#primaryimage","url":"https:\/\/flexdecor.com\/wp-content\/uploads\/2024\/02\/DSC06910-Edit-scaled.jpg","contentUrl":"https:\/\/flexdecor.com\/wp-content\/uploads\/2024\/02\/DSC06910-Edit-scaled.jpg","width":2560,"height":2048},{"@type":"BreadcrumbList","@id":"https:\/\/flexdecor.com\/product\/panele-3d-dark-grey\/#breadcrumb","itemListElement":[{"@type":"ListItem","position":1,"name":"Home","item":"https:\/\/flexdecor.com\/al\/"},{"@type":"ListItem","position":2,"name":"Shop","item":"http:\/\/flexdecor.com\/en\/shop-2\/"},{"@type":"ListItem","position":3,"name":"3D Panels | Dark Grey"}]},{"@type":"WebSite","@id":"https:\/\/flexdecor.com\/al\/#website","url":"https:\/\/flexdecor.com\/al\/","name":"FlexDecor","description":"","potentialAction":[{"@type":"SearchAction","target":{"@type":"EntryPoint","urlTemplate":"https:\/\/flexdecor.com\/al\/?s={search_term_string}"},"query-input":{"@type":"PropertyValueSpecification","valueRequired":true,"valueName":"search_term_string"}}],"inLanguage":"sq"}]}},"_links":{"self":[{"href":"https:\/\/flexdecor.com\/al\/wp-json\/wp\/v2\/product\/7504","targetHints":{"allow":["GET"]}}],"collection":[{"href":"https:\/\/flexdecor.com\/al\/wp-json\/wp\/v2\/product"}],"about":[{"href":"https:\/\/flexdecor.com\/al\/wp-json\/wp\/v2\/types\/product"}],"wp:featuredmedia":[{"embeddable":true,"href":"https:\/\/flexdecor.com\/al\/wp-json\/wp\/v2\/media\/7703"}],"wp:attachment":[{"href":"https:\/\/flexdecor.com\/al\/wp-json\/wp\/v2\/media?parent=7504"}],"wp:term":[{"taxonomy":"product_brand","embeddable":true,"href":"https:\/\/flexdecor.com\/al\/wp-json\/wp\/v2\/product_brand?post=7504"},{"taxonomy":"product_cat","embeddable":true,"href":"https:\/\/flexdecor.com\/al\/wp-json\/wp\/v2\/product_cat?post=7504"},{"taxonomy":"product_tag","embeddable":true,"href":"https:\/\/flexdecor.com\/al\/wp-json\/wp\/v2\/product_tag?post=7504"}],"curies":[{"name":"wp","href":"https:\/\/api.w.org\/{rel}","templated":true}]}}